{"id":14258,"date":"2024-10-24T16:08:00","date_gmt":"2024-10-24T16:08:00","guid":{"rendered":"https:\/\/project2024.palletbiz.com\/?page_id=14258"},"modified":"2025-09-02T08:57:17","modified_gmt":"2025-09-02T08:57:17","slug":"privacy-policy","status":"publish","type":"page","link":"https:\/\/palletbiz.com\/de\/privacy-policy\/","title":{"rendered":"Privacy Policy"},"content":{"rendered":"\t\t<div data-elementor-type=\"wp-page\" data-elementor-id=\"14258\" class=\"elementor elementor-14258\" data-elementor-post-type=\"page\">\n\t\t\t\t<div class=\"elementor-element elementor-element-454bd49 e-flex e-con-boxed e-con e-parent\" data-id=\"454bd49\" data-element_type=\"container\">\n\t\t\t\t\t<div class=\"e-con-inner\">\n\t\t<div class=\"elementor-element elementor-element-81b58d6 e-con-full e-flex e-con e-child\" data-id=\"81b58d6\" data-element_type=\"container\" data-settings=\"{&quot;background_background&quot;:&quot;classic&quot;}\">\n\t\t\t\t<div class=\"elementor-element elementor-element-b30698e elementor-widget elementor-widget-heading\" data-id=\"b30698e\" data-element_type=\"widget\" data-widget_type=\"heading.default\">\n\t\t\t\t<div class=\"elementor-widget-container\">\n\t\t\t\t\t<h1 class=\"elementor-heading-title elementor-size-default\">Datenschutzrichtlinie <\/h1>\t\t\t\t<\/div>\n\t\t\t\t<\/div>\n\t\t\t\t<div class=\"elementor-element elementor-element-4ec92a83 elementor-widget__width-inherit elementor-widget elementor-widget-text-editor\" data-id=\"4ec92a83\" data-element_type=\"widget\" data-widget_type=\"text-editor.default\">\n\t\t\t\t<div class=\"elementor-widget-container\">\n\t\t\t\t\t\t\t\t\t<p>Durchst\u00f6bern Sie unsere Datenschutzrichtlinien<\/p>\t\t\t\t\t\t\t\t<\/div>\n\t\t\t\t<\/div>\n\t\t\t\t<\/div>\n\t\t\t\t\t<\/div>\n\t\t\t\t<\/div>\n\t\t<div class=\"elementor-element elementor-element-8745d1b e-flex e-con-boxed e-con e-parent\" data-id=\"8745d1b\" data-element_type=\"container\">\n\t\t\t\t\t<div class=\"e-con-inner\">\n\t\t<div class=\"elementor-element elementor-element-911d55d e-con-full e-flex e-con e-child\" data-id=\"911d55d\" data-element_type=\"container\">\n\t\t\t\t<div class=\"elementor-element elementor-element-597c421 elementor-icon-list--layout-traditional elementor-list-item-link-full_width elementor-widget elementor-widget-icon-list\" data-id=\"597c421\" data-element_type=\"widget\" data-widget_type=\"icon-list.default\">\n\t\t\t\t<div class=\"elementor-widget-container\">\n\t\t\t\t\t\t\t<ul class=\"elementor-icon-list-items\">\n\t\t\t\t\t\t\t<li class=\"elementor-icon-list-item\">\n\t\t\t\t\t\t\t\t\t\t\t<a href=\"https:\/\/palletbiz.com\/de\">\n\n\t\t\t\t\t\t\t\t\t\t\t<span class=\"elementor-icon-list-text\">Startseite<\/span>\n\t\t\t\t\t\t\t\t\t\t\t<\/a>\n\t\t\t\t\t\t\t\t\t<\/li>\n\t\t\t\t\t\t<\/ul>\n\t\t\t\t\t\t<\/div>\n\t\t\t\t<\/div>\n\t\t\t\t<div class=\"elementor-element elementor-element-9917855 elementor-view-default elementor-widget elementor-widget-icon\" data-id=\"9917855\" data-element_type=\"widget\" data-widget_type=\"icon.default\">\n\t\t\t\t<div class=\"elementor-widget-container\">\n\t\t\t\t\t\t\t<div class=\"elementor-icon-wrapper\">\n\t\t\t<div class=\"elementor-icon\">\n\t\t\t<svg aria-hidden=\"true\" class=\"e-font-icon-svg e-fas-chevron-right\" viewBox=\"0 0 320 512\" xmlns=\"http:\/\/www.w3.org\/2000\/svg\"><path d=\"M285.476 272.971L91.132 467.314c-9.373 9.373-24.569 9.373-33.941 0l-22.667-22.667c-9.357-9.357-9.375-24.522-.04-33.901L188.505 256 34.484 101.255c-9.335-9.379-9.317-24.544.04-33.901l22.667-22.667c9.373-9.373 24.569-9.373 33.941 0L285.475 239.03c9.373 9.372 9.373 24.568.001 33.941z\"><\/path><\/svg>\t\t\t<\/div>\n\t\t<\/div>\n\t\t\t\t\t\t<\/div>\n\t\t\t\t<\/div>\n\t\t\t\t<div class=\"elementor-element elementor-element-b7a9208 elementor-icon-list--layout-traditional elementor-list-item-link-full_width elementor-widget elementor-widget-icon-list\" data-id=\"b7a9208\" data-element_type=\"widget\" data-widget_type=\"icon-list.default\">\n\t\t\t\t<div class=\"elementor-widget-container\">\n\t\t\t\t\t\t\t<ul class=\"elementor-icon-list-items\">\n\t\t\t\t\t\t\t<li class=\"elementor-icon-list-item\">\n\t\t\t\t\t\t\t\t\t\t\t<a href=\"https:\/\/palletbiz.com\/de\/privacy-policy\/\">\n\n\t\t\t\t\t\t\t\t\t\t\t<span class=\"elementor-icon-list-text\">Datenschutzrichtlinie<\/span>\n\t\t\t\t\t\t\t\t\t\t\t<\/a>\n\t\t\t\t\t\t\t\t\t<\/li>\n\t\t\t\t\t\t<\/ul>\n\t\t\t\t\t\t<\/div>\n\t\t\t\t<\/div>\n\t\t\t\t<\/div>\n\t\t\t\t\t<\/div>\n\t\t\t\t<\/div>\n\t\t<div class=\"elementor-element elementor-element-72327beb e-flex e-con-boxed e-con e-parent\" data-id=\"72327beb\" data-element_type=\"container\">\n\t\t\t\t\t<div class=\"e-con-inner\">\n\t\t<div class=\"elementor-element elementor-element-559fb1da e-con-full e-flex e-con e-child\" data-id=\"559fb1da\" data-element_type=\"container\">\n\t\t\t\t<div class=\"elementor-element elementor-element-492186db elementor-widget elementor-widget-text-editor\" data-id=\"492186db\" data-element_type=\"widget\" data-widget_type=\"text-editor.default\">\n\t\t\t\t<div class=\"elementor-widget-container\">\n\t\t\t\t\t\t\t\t\t<p>PalletBiz respektiert Ihre Privatsph\u00e4re. Egal, ob Sie eines der Qualit\u00e4tsprodukte von PalletBiz kaufen oder einfach nur die PalletBiz-Website durchsuchen, PalletBiz m\u00f6chte, dass Sie sich mit unserer Datenschutzrichtlinie und den Sicherheitsma\u00dfnahmen, die wir ergreifen, um Ihre pers\u00f6nlichen Informationen zu sch\u00fctzen, wohlf\u00fchlen. Wenn Sie PalletBiz pers\u00f6nliche Informationen zur Verf\u00fcgung stellen, wird PalletBiz diese gem\u00e4\u00df dieser Richtlinie behandeln. PalletBiz empfiehlt Ihnen, diese Datenschutzrichtlinie zu lesen.<\/p>\t\t\t\t\t\t\t\t<\/div>\n\t\t\t\t<\/div>\n\t\t\t\t<div class=\"elementor-element elementor-element-19213746 elementor-widget elementor-widget-heading\" data-id=\"19213746\" data-element_type=\"widget\" data-widget_type=\"heading.default\">\n\t\t\t\t<div class=\"elementor-widget-container\">\n\t\t\t\t\t<h2 class=\"elementor-heading-title elementor-size-default\">Zustimmung zur Richtlinie &amp; Aktualisierungen der Richtlinie<\/h2>\t\t\t\t<\/div>\n\t\t\t\t<\/div>\n\t\t\t\t<div class=\"elementor-element elementor-element-347d9b06 elementor-widget elementor-widget-text-editor\" data-id=\"347d9b06\" data-element_type=\"widget\" data-widget_type=\"text-editor.default\">\n\t\t\t\t<div class=\"elementor-widget-container\">\n\t\t\t\t\t\t\t\t\t<p>Durch die Nutzung der PalletBiz-Website stimmen Sie der Erhebung und Verwendung Ihrer Informationen durch PalletBiz zu, wie in der untenstehenden Richtlinie dargelegt. PalletBiz beh\u00e4lt sich das Recht vor, seine Datenschutzrichtlinie zu aktualisieren, zu \u00e4ndern, zu modifizieren und zu \u00e4ndern. Alle solchen Updates, \u00c4nderungen und Modifikationen sind f\u00fcr alle Nutzer und Besucher der PalletBiz-Website bindend und werden hier ver\u00f6ffentlicht.<\/p>\t\t\t\t\t\t\t\t<\/div>\n\t\t\t\t<\/div>\n\t\t\t\t<div class=\"elementor-element elementor-element-28ed364d elementor-widget elementor-widget-heading\" data-id=\"28ed364d\" data-element_type=\"widget\" data-widget_type=\"heading.default\">\n\t\t\t\t<div class=\"elementor-widget-container\">\n\t\t\t\t\t<h2 class=\"elementor-heading-title elementor-size-default\">Arten und Verwendung personenbezogener Daten<\/h2>\t\t\t\t<\/div>\n\t\t\t\t<\/div>\n\t\t\t\t<div class=\"elementor-element elementor-element-37d44b15 elementor-widget elementor-widget-text-editor\" data-id=\"37d44b15\" data-element_type=\"widget\" data-widget_type=\"text-editor.default\">\n\t\t\t\t<div class=\"elementor-widget-container\">\n\t\t\t\t\t\t\t\t\t<p>PalletBiz erhebt personenbezogene Daten, einschlie\u00dflich Name, Titel, Unternehmen, Adresse, E-Mail-Adresse, Telefonnummern usw., wenn ein Besucher der PalletBiz-Website sich aktiv \u00fcber das Kontaktformular oder als \u201eregistrierter Lieferant\u201c oder anderweitiger Nutzer registriert. PalletBiz ben\u00f6tigt diese Informationen nicht, um Zugang zu \u00f6ffentlichen Bereichen der Website zu erhalten.<\/p>\t\t\t\t\t\t\t\t<\/div>\n\t\t\t\t<\/div>\n\t\t\t\t<div class=\"elementor-element elementor-element-106c7bac elementor-widget elementor-widget-heading\" data-id=\"106c7bac\" data-element_type=\"widget\" data-widget_type=\"heading.default\">\n\t\t\t\t<div class=\"elementor-widget-container\">\n\t\t\t\t\t<h2 class=\"elementor-heading-title elementor-size-default\">Dritte Parteien<\/h2>\t\t\t\t<\/div>\n\t\t\t\t<\/div>\n\t\t\t\t<div class=\"elementor-element elementor-element-1dacbf53 elementor-widget elementor-widget-text-editor\" data-id=\"1dacbf53\" data-element_type=\"widget\" data-widget_type=\"text-editor.default\">\n\t\t\t\t<div class=\"elementor-widget-container\">\n\t\t\t\t\t\t\t\t\t<p>Autorisierte Dritte ben\u00f6tigen m\u00f6glicherweise Zugang zu einigen Ihrer pers\u00f6nlichen Informationen. Wenn PalletBiz beispielsweise ein Produkt an Sie versenden muss, muss PalletBiz Ihren Namen und Ihre Adresse mit einem Versandunternehmen teilen. PalletBiz beschr\u00e4nkt den Zugang und die Nutzung Ihrer pers\u00f6nlichen Informationen durch solche Dritte. PalletBiz teilt Ihre pers\u00f6nlichen Informationen ansonsten nicht mit Dritten, es sei denn, Sie gew\u00e4hren PalletBiz die Erlaubnis, dies zu tun.<\/p>\t\t\t\t\t\t\t\t<\/div>\n\t\t\t\t<\/div>\n\t\t\t\t<div class=\"elementor-element elementor-element-7e031bca elementor-widget elementor-widget-heading\" data-id=\"7e031bca\" data-element_type=\"widget\" data-widget_type=\"heading.default\">\n\t\t\t\t<div class=\"elementor-widget-container\">\n\t\t\t\t\t<h2 class=\"elementor-heading-title elementor-size-default\">Zugriff auf und Aktualisierung personenbezogener Daten f\u00fcr registrierte Nutzer<\/h2>\t\t\t\t<\/div>\n\t\t\t\t<\/div>\n\t\t\t\t<div class=\"elementor-element elementor-element-13c44900 elementor-widget elementor-widget-text-editor\" data-id=\"13c44900\" data-element_type=\"widget\" data-widget_type=\"text-editor.default\">\n\t\t\t\t<div class=\"elementor-widget-container\">\n\t\t\t\t\t\t\t\t\t<p>PalletBiz ben\u00f6tigt Ihre Hilfe, um sicherzustellen, dass die personenbezogenen Daten, die Sie PalletBiz zur Verf\u00fcgung stellen, korrekt und aktuell sind. Sie sollten PalletBiz sofort \u00fcber \u00c4nderungen Ihres Namens, Ihrer Adresse, Ihres Unternehmens, Ihrer Telefonnummer oder E-Mail-Adresse informieren, damit wir \u00c4nderungen an Ihrem registrierten Nutzerprofil vornehmen k\u00f6nnen, falls vorhanden.<\/p>\t\t\t\t\t\t\t\t<\/div>\n\t\t\t\t<\/div>\n\t\t\t\t<div class=\"elementor-element elementor-element-628e6d8c elementor-widget elementor-widget-spacer\" data-id=\"628e6d8c\" data-element_type=\"widget\" data-widget_type=\"spacer.default\">\n\t\t\t\t<div class=\"elementor-widget-container\">\n\t\t\t\t\t\t\t<div class=\"elementor-spacer\">\n\t\t\t<div class=\"elementor-spacer-inner\"><\/div>\n\t\t<\/div>\n\t\t\t\t\t\t<\/div>\n\t\t\t\t<\/div>\n\t\t\t\t<\/div>\n\t\t\t\t\t<\/div>\n\t\t\t\t<\/div>\n\t\t<div class=\"elementor-element elementor-element-30f14e2 e-flex e-con-boxed e-con e-parent\" data-id=\"30f14e2\" data-element_type=\"container\">\n\t\t\t\t\t<div class=\"e-con-inner\">\n\t\t<div class=\"elementor-element elementor-element-ac7ebc6 e-con-full e-flex e-con e-child\" data-id=\"ac7ebc6\" data-element_type=\"container\" data-settings=\"{&quot;background_background&quot;:&quot;classic&quot;}\">\n\t\t\t\t<div class=\"elementor-element elementor-element-677bcda5 elementor-widget elementor-widget-heading\" data-id=\"677bcda5\" data-element_type=\"widget\" data-widget_type=\"heading.default\">\n\t\t\t\t<div class=\"elementor-widget-container\">\n\t\t\t\t\t<h2 class=\"elementor-heading-title elementor-size-default\">About Cookies<\/h2>\t\t\t\t<\/div>\n\t\t\t\t<\/div>\n\t\t\t\t<div class=\"elementor-element elementor-element-23325ad6 elementor-widget elementor-widget-text-editor\" data-id=\"23325ad6\" data-element_type=\"widget\" data-widget_type=\"text-editor.default\">\n\t\t\t\t<div class=\"elementor-widget-container\">\n\t\t\t\t\t\t\t\t\t<p>Kurz gesagt; Cookies sind kleine Textdateien, die das Benutzererlebnis auf einer Website verbessern, indem sie dem System erm\u00f6glichen, wiederkehrende Besucher zu erkennen usw.<\/p>\t\t\t\t\t\t\t\t<\/div>\n\t\t\t\t<\/div>\n\t\t\t\t<\/div>\n\t\t\t\t\t<\/div>\n\t\t\t\t<\/div>\n\t\t<div class=\"elementor-element elementor-element-3e97b1c9 e-flex e-con-boxed e-con e-parent\" data-id=\"3e97b1c9\" data-element_type=\"container\">\n\t\t\t\t\t<div class=\"e-con-inner\">\n\t\t<div class=\"elementor-element elementor-element-7a9c2fff e-con-full e-flex e-con e-child\" data-id=\"7a9c2fff\" data-element_type=\"container\">\n\t\t\t\t<div class=\"elementor-element elementor-element-4c2f38ff elementor-widget elementor-widget-spacer\" data-id=\"4c2f38ff\" data-element_type=\"widget\" data-widget_type=\"spacer.default\">\n\t\t\t\t<div class=\"elementor-widget-container\">\n\t\t\t\t\t\t\t<div class=\"elementor-spacer\">\n\t\t\t<div class=\"elementor-spacer-inner\"><\/div>\n\t\t<\/div>\n\t\t\t\t\t\t<\/div>\n\t\t\t\t<\/div>\n\t\t\t\t<div class=\"elementor-element elementor-element-5a3c7e61 elementor-widget elementor-widget-heading\" data-id=\"5a3c7e61\" data-element_type=\"widget\" data-widget_type=\"heading.default\">\n\t\t\t\t<div class=\"elementor-widget-container\">\n\t\t\t\t\t<h2 class=\"elementor-heading-title elementor-size-default\">Wie PalletBiz Cookies verwendet<\/h2>\t\t\t\t<\/div>\n\t\t\t\t<\/div>\n\t\t\t\t<div class=\"elementor-element elementor-element-36134189 elementor-widget elementor-widget-text-editor\" data-id=\"36134189\" data-element_type=\"widget\" data-widget_type=\"text-editor.default\">\n\t\t\t\t<div class=\"elementor-widget-container\">\n\t\t\t\t\t\t\t\t\t<p>PalletBiz ist sich seiner Verantwortung online und gegen\u00fcber den Nutzern sowie unseren einzelnen Kunden bewusst. Wir respektieren die Privatsph\u00e4re pers\u00f6nlicher Daten und die Bedenken, die Besucher hinsichtlich der Verwendung ihrer Daten haben k\u00f6nnten. In den F\u00e4llen, in denen wir personenbezogene Daten (Name, Adresse, Kontaktinformationen) erheben und verwenden, wenden wir die besten Praktiken an, wie zum Beispiel das Double-Opt-In-Verfahren, wo dies anwendbar und m\u00f6glich ist.<\/p><p>Kurz gesagt: Cookies sind kleine Textdateien, die das Benutzererlebnis auf einer Website verbessern, indem sie es dem System erm\u00f6glichen, wiederkehrende Besucher zu erkennen usw. (siehe Link). PalletBiz verwendet nur sogenannte First-Party-Cookies, das sind Cookies, die von PalletBiz erstellt und verwendet werden. Third-Party-Cookies (Cookies, die von einer externen Stelle erstellt, verwaltet und analysiert werden, m\u00f6glicherweise um einen Service f\u00fcr die Organisation bereitzustellen, die die Website hostet) werden von PalletBiz nicht verwendet.<\/p><p>PalletBiz teilt keine Cookie-Daten \u2013 oder verwandtes Nutzerverhalten \u2013 mit Dritten. Wenn Sie die Internetdienste von PalletBiz nutzen m\u00f6chten und die Verwendung dieser Cookies nicht akzeptieren k\u00f6nnen, bitten wir Sie, die Verwendung von Cookies in den Einstellungen Ihres Browsers zu deaktivieren.<\/p><p>Wie Sie dies tun k\u00f6nnen \u2013 das sogenannte Opt-Out \u2013 finden Sie auf einer dieser Websites:<\/p><p><a href=\"https:\/\/www.cookiebot.com\/en\/gdpr-cookies\/\"><u>https:\/\/www.cookiebot.com\/en\/gdpr-cookies\/<\/u><\/a><\/p><p><a href=\"https:\/\/www.wikihow.com\/Disable-Cookies\"><u>https:\/\/www.wikihow.com\/Disable-Cookies<\/u><\/a><\/p><p><a href=\"https:\/\/support.google.com\/accounts\/answer\/61416\"><u>https:\/\/support.google.com\/accounts\/answer\/61416<\/u><\/a><\/p>\t\t\t\t\t\t\t\t<\/div>\n\t\t\t\t<\/div>\n\t\t\t\t<div class=\"elementor-element elementor-element-749b757 elementor-widget elementor-widget-spacer\" data-id=\"749b757\" data-element_type=\"widget\" data-widget_type=\"spacer.default\">\n\t\t\t\t<div class=\"elementor-widget-container\">\n\t\t\t\t\t\t\t<div class=\"elementor-spacer\">\n\t\t\t<div class=\"elementor-spacer-inner\"><\/div>\n\t\t<\/div>\n\t\t\t\t\t\t<\/div>\n\t\t\t\t<\/div>\n\t\t\t\t<\/div>\n\t\t\t\t\t<\/div>\n\t\t\t\t<\/div>\n\t\t\t\t<\/div>\n\t\t","protected":false},"excerpt":{"rendered":"<p>Datenschutzrichtlinie Durchst\u00f6bern Sie unsere Datenschutzrichtlinien Startseite Datenschutzrichtlinie PalletBiz respektiert Ihre Privatsph\u00e4re. Egal, ob Sie eines der Qualit\u00e4tsprodukte von PalletBiz kaufen oder einfach nur die PalletBiz-Website durchsuchen, PalletBiz m\u00f6chte, dass Sie sich mit unserer Datenschutzrichtlinie und den Sicherheitsma\u00dfnahmen, die wir ergreifen, um Ihre pers\u00f6nlichen Informationen zu sch\u00fctzen, wohlf\u00fchlen. Wenn Sie PalletBiz pers\u00f6nliche Informationen zur Verf\u00fcgung stellen, [&hellip;]<\/p>\n","protected":false},"author":1,"featured_media":0,"parent":0,"menu_order":0,"comment_status":"closed","ping_status":"closed","template":"elementor_header_footer","meta":{"_acf_changed":false,"inline_featured_image":false,"footnotes":""},"class_list":["post-14258","page","type-page","status-publish","hentry"],"acf":[],"yoast_head":"<!-- This site is optimized with the Yoast SEO Premium plugin v26.2 (Yoast SEO v27.3) - https:\/\/yoast.com\/product\/yoast-seo-premium-wordpress\/ -->\n<title>Datenschutzrichtlinie \u2013 PalletBiz<\/title>\n<meta name=\"description\" content=\"Lesen Sie die Datenschutzrichtlinie von PalletBiz und erfahren Sie, wie wir Ihre pers\u00f6nlichen Daten erfassen, verwenden und nach h\u00f6chsten Standards sch\u00fctzen.\" \/>\n<meta name=\"robots\" content=\"index, follow, max-snippet:-1, max-image-preview:large, max-video-preview:-1\" \/>\n<link rel=\"canonical\" href=\"https:\/\/palletbiz.com\/de\/privacy-policy\/\" \/>\n<meta property=\"og:locale\" content=\"de_DE\" \/>\n<meta property=\"og:type\" content=\"article\" \/>\n<meta property=\"og:title\" content=\"Privacy Policy\" \/>\n<meta property=\"og:description\" content=\"Lesen Sie die Datenschutzrichtlinie von PalletBiz und erfahren Sie, wie wir Ihre pers\u00f6nlichen Daten erfassen, verwenden und nach h\u00f6chsten Standards sch\u00fctzen.\" \/>\n<meta property=\"og:url\" content=\"https:\/\/palletbiz.com\/de\/privacy-policy\/\" \/>\n<meta property=\"og:site_name\" content=\"PalletBiz Deutschland\" \/>\n<meta property=\"article:modified_time\" content=\"2025-09-02T08:57:17+00:00\" \/>\n<meta name=\"twitter:card\" content=\"summary_large_image\" \/>\n<meta name=\"twitter:label1\" content=\"Gesch\u00e4tzte Lesezeit\" \/>\n\t<meta name=\"twitter:data1\" content=\"3\u00a0Minuten\" \/>\n<script type=\"application\/ld+json\" class=\"yoast-schema-graph\">{\"@context\":\"https:\\\/\\\/schema.org\",\"@graph\":[{\"@type\":\"WebPage\",\"@id\":\"https:\\\/\\\/palletbiz.com\\\/de\\\/privacy-policy\\\/\",\"url\":\"https:\\\/\\\/palletbiz.com\\\/de\\\/privacy-policy\\\/\",\"name\":\"Datenschutzrichtlinie \u2013 PalletBiz\",\"isPartOf\":{\"@id\":\"https:\\\/\\\/palletbiz.com\\\/de\\\/#website\"},\"datePublished\":\"2024-10-24T16:08:00+00:00\",\"dateModified\":\"2025-09-02T08:57:17+00:00\",\"description\":\"Lesen Sie die Datenschutzrichtlinie von PalletBiz und erfahren Sie, wie wir Ihre pers\u00f6nlichen Daten erfassen, verwenden und nach h\u00f6chsten Standards sch\u00fctzen.\",\"breadcrumb\":{\"@id\":\"https:\\\/\\\/palletbiz.com\\\/de\\\/privacy-policy\\\/#breadcrumb\"},\"inLanguage\":\"de\",\"potentialAction\":[{\"@type\":\"ReadAction\",\"target\":[\"https:\\\/\\\/palletbiz.com\\\/de\\\/privacy-policy\\\/\"]}]},{\"@type\":\"BreadcrumbList\",\"@id\":\"https:\\\/\\\/palletbiz.com\\\/de\\\/privacy-policy\\\/#breadcrumb\",\"itemListElement\":[{\"@type\":\"ListItem\",\"position\":1,\"name\":\"Home\",\"item\":\"https:\\\/\\\/palletbiz.com\\\/de\\\/\"},{\"@type\":\"ListItem\",\"position\":2,\"name\":\"Privacy Policy\"}]},{\"@type\":\"WebSite\",\"@id\":\"https:\\\/\\\/palletbiz.com\\\/de\\\/#website\",\"url\":\"https:\\\/\\\/palletbiz.com\\\/de\\\/\",\"name\":\"PalletBiz Deutschland\",\"description\":\"\",\"potentialAction\":[{\"@type\":\"SearchAction\",\"target\":{\"@type\":\"EntryPoint\",\"urlTemplate\":\"https:\\\/\\\/palletbiz.com\\\/de\\\/?s={search_term_string}\"},\"query-input\":{\"@type\":\"PropertyValueSpecification\",\"valueRequired\":true,\"valueName\":\"search_term_string\"}}],\"inLanguage\":\"de\"}]}<\/script>\n<!-- \/ Yoast SEO Premium plugin. -->","yoast_head_json":{"title":"Datenschutzrichtlinie \u2013 PalletBiz","description":"Lesen Sie die Datenschutzrichtlinie von PalletBiz und erfahren Sie, wie wir Ihre pers\u00f6nlichen Daten erfassen, verwenden und nach h\u00f6chsten Standards sch\u00fctzen.","robots":{"index":"index","follow":"follow","max-snippet":"max-snippet:-1","max-image-preview":"max-image-preview:large","max-video-preview":"max-video-preview:-1"},"canonical":"https:\/\/palletbiz.com\/de\/privacy-policy\/","og_locale":"de_DE","og_type":"article","og_title":"Privacy Policy","og_description":"Lesen Sie die Datenschutzrichtlinie von PalletBiz und erfahren Sie, wie wir Ihre pers\u00f6nlichen Daten erfassen, verwenden und nach h\u00f6chsten Standards sch\u00fctzen.","og_url":"https:\/\/palletbiz.com\/de\/privacy-policy\/","og_site_name":"PalletBiz Deutschland","article_modified_time":"2025-09-02T08:57:17+00:00","twitter_card":"summary_large_image","twitter_misc":{"Gesch\u00e4tzte Lesezeit":"3\u00a0Minuten"},"schema":{"@context":"https:\/\/schema.org","@graph":[{"@type":"WebPage","@id":"https:\/\/palletbiz.com\/de\/privacy-policy\/","url":"https:\/\/palletbiz.com\/de\/privacy-policy\/","name":"Datenschutzrichtlinie \u2013 PalletBiz","isPartOf":{"@id":"https:\/\/palletbiz.com\/de\/#website"},"datePublished":"2024-10-24T16:08:00+00:00","dateModified":"2025-09-02T08:57:17+00:00","description":"Lesen Sie die Datenschutzrichtlinie von PalletBiz und erfahren Sie, wie wir Ihre pers\u00f6nlichen Daten erfassen, verwenden und nach h\u00f6chsten Standards sch\u00fctzen.","breadcrumb":{"@id":"https:\/\/palletbiz.com\/de\/privacy-policy\/#breadcrumb"},"inLanguage":"de","potentialAction":[{"@type":"ReadAction","target":["https:\/\/palletbiz.com\/de\/privacy-policy\/"]}]},{"@type":"BreadcrumbList","@id":"https:\/\/palletbiz.com\/de\/privacy-policy\/#breadcrumb","itemListElement":[{"@type":"ListItem","position":1,"name":"Home","item":"https:\/\/palletbiz.com\/de\/"},{"@type":"ListItem","position":2,"name":"Privacy Policy"}]},{"@type":"WebSite","@id":"https:\/\/palletbiz.com\/de\/#website","url":"https:\/\/palletbiz.com\/de\/","name":"PalletBiz Deutschland","description":"","potentialAction":[{"@type":"SearchAction","target":{"@type":"EntryPoint","urlTemplate":"https:\/\/palletbiz.com\/de\/?s={search_term_string}"},"query-input":{"@type":"PropertyValueSpecification","valueRequired":true,"valueName":"search_term_string"}}],"inLanguage":"de"}]}},"_links":{"self":[{"href":"https:\/\/palletbiz.com\/de\/wp-json\/wp\/v2\/pages\/14258","targetHints":{"allow":["GET"]}}],"collection":[{"href":"https:\/\/palletbiz.com\/de\/wp-json\/wp\/v2\/pages"}],"about":[{"href":"https:\/\/palletbiz.com\/de\/wp-json\/wp\/v2\/types\/page"}],"author":[{"embeddable":true,"href":"https:\/\/palletbiz.com\/de\/wp-json\/wp\/v2\/users\/1"}],"replies":[{"embeddable":true,"href":"https:\/\/palletbiz.com\/de\/wp-json\/wp\/v2\/comments?post=14258"}],"version-history":[{"count":9,"href":"https:\/\/palletbiz.com\/de\/wp-json\/wp\/v2\/pages\/14258\/revisions"}],"predecessor-version":[{"id":19633,"href":"https:\/\/palletbiz.com\/de\/wp-json\/wp\/v2\/pages\/14258\/revisions\/19633"}],"wp:attachment":[{"href":"https:\/\/palletbiz.com\/de\/wp-json\/wp\/v2\/media?parent=14258"}],"curies":[{"name":"wp","href":"https:\/\/api.w.org\/{rel}","templated":true}]}}