{"id":2952,"date":"2024-10-24T16:08:00","date_gmt":"2024-10-24T16:08:00","guid":{"rendered":"https:\/\/khaki-echidna-719470.hostingersite.com\/?page_id=2952"},"modified":"2025-09-02T08:55:11","modified_gmt":"2025-09-02T08:55:11","slug":"adatvedelmi-szabalyzat","status":"publish","type":"page","link":"https:\/\/palletbiz.com\/hu\/adatvedelmi-szabalyzat\/","title":{"rendered":"Privacy Policy"},"content":{"rendered":"\t\t<div data-elementor-type=\"wp-page\" data-elementor-id=\"2952\" class=\"elementor elementor-2952\" data-elementor-post-type=\"page\">\n\t\t\t\t<div class=\"elementor-element elementor-element-454bd49 e-flex e-con-boxed e-con e-parent\" data-id=\"454bd49\" data-element_type=\"container\">\n\t\t\t\t\t<div class=\"e-con-inner\">\n\t\t<div class=\"elementor-element elementor-element-81b58d6 e-con-full e-flex e-con e-child\" data-id=\"81b58d6\" data-element_type=\"container\" data-settings=\"{&quot;background_background&quot;:&quot;classic&quot;}\">\n\t\t\t\t<div class=\"elementor-element elementor-element-b30698e elementor-widget elementor-widget-heading\" data-id=\"b30698e\" data-element_type=\"widget\" data-widget_type=\"heading.default\">\n\t\t\t\t<div class=\"elementor-widget-container\">\n\t\t\t\t\t<h1 class=\"elementor-heading-title elementor-size-default\">Privacy Policy<\/h1>\t\t\t\t<\/div>\n\t\t\t\t<\/div>\n\t\t\t\t<div class=\"elementor-element elementor-element-4ec92a83 elementor-widget__width-inherit elementor-widget elementor-widget-text-editor\" data-id=\"4ec92a83\" data-element_type=\"widget\" data-widget_type=\"text-editor.default\">\n\t\t\t\t<div class=\"elementor-widget-container\">\n\t\t\t\t\t\t\t\t\t<p>Browse through our Privacy Policies<\/p>\t\t\t\t\t\t\t\t<\/div>\n\t\t\t\t<\/div>\n\t\t\t\t<\/div>\n\t\t\t\t\t<\/div>\n\t\t\t\t<\/div>\n\t\t<div class=\"elementor-element elementor-element-8745d1b e-flex e-con-boxed e-con e-parent\" data-id=\"8745d1b\" data-element_type=\"container\">\n\t\t\t\t\t<div class=\"e-con-inner\">\n\t\t<div class=\"elementor-element elementor-element-911d55d e-con-full e-flex e-con e-child\" data-id=\"911d55d\" data-element_type=\"container\">\n\t\t\t\t<div class=\"elementor-element elementor-element-597c421 elementor-icon-list--layout-traditional elementor-list-item-link-full_width elementor-widget elementor-widget-icon-list\" data-id=\"597c421\" data-element_type=\"widget\" data-widget_type=\"icon-list.default\">\n\t\t\t\t<div class=\"elementor-widget-container\">\n\t\t\t\t\t\t\t<ul class=\"elementor-icon-list-items\">\n\t\t\t\t\t\t\t<li class=\"elementor-icon-list-item\">\n\t\t\t\t\t\t\t\t\t\t\t<a href=\"https:\/\/palletbiz.com\/hu\">\n\n\t\t\t\t\t\t\t\t\t\t\t<span class=\"elementor-icon-list-text\">Home<\/span>\n\t\t\t\t\t\t\t\t\t\t\t<\/a>\n\t\t\t\t\t\t\t\t\t<\/li>\n\t\t\t\t\t\t<\/ul>\n\t\t\t\t\t\t<\/div>\n\t\t\t\t<\/div>\n\t\t\t\t<div class=\"elementor-element elementor-element-9917855 elementor-view-default elementor-widget elementor-widget-icon\" data-id=\"9917855\" data-element_type=\"widget\" data-widget_type=\"icon.default\">\n\t\t\t\t<div class=\"elementor-widget-container\">\n\t\t\t\t\t\t\t<div class=\"elementor-icon-wrapper\">\n\t\t\t<div class=\"elementor-icon\">\n\t\t\t<svg aria-hidden=\"true\" class=\"e-font-icon-svg e-fas-chevron-right\" viewBox=\"0 0 320 512\" xmlns=\"http:\/\/www.w3.org\/2000\/svg\"><path d=\"M285.476 272.971L91.132 467.314c-9.373 9.373-24.569 9.373-33.941 0l-22.667-22.667c-9.357-9.357-9.375-24.522-.04-33.901L188.505 256 34.484 101.255c-9.335-9.379-9.317-24.544.04-33.901l22.667-22.667c9.373-9.373 24.569-9.373 33.941 0L285.475 239.03c9.373 9.372 9.373 24.568.001 33.941z\"><\/path><\/svg>\t\t\t<\/div>\n\t\t<\/div>\n\t\t\t\t\t\t<\/div>\n\t\t\t\t<\/div>\n\t\t\t\t<div class=\"elementor-element elementor-element-b7a9208 elementor-icon-list--layout-traditional elementor-list-item-link-full_width elementor-widget elementor-widget-icon-list\" data-id=\"b7a9208\" data-element_type=\"widget\" data-widget_type=\"icon-list.default\">\n\t\t\t\t<div class=\"elementor-widget-container\">\n\t\t\t\t\t\t\t<ul class=\"elementor-icon-list-items\">\n\t\t\t\t\t\t\t<li class=\"elementor-icon-list-item\">\n\t\t\t\t\t\t\t\t\t\t\t<a href=\"https:\/\/palletbiz.com\/hu\/adatvedelmi-szabalyzat\/\">\n\n\t\t\t\t\t\t\t\t\t\t\t<span class=\"elementor-icon-list-text\">Privacy Policy<\/span>\n\t\t\t\t\t\t\t\t\t\t\t<\/a>\n\t\t\t\t\t\t\t\t\t<\/li>\n\t\t\t\t\t\t<\/ul>\n\t\t\t\t\t\t<\/div>\n\t\t\t\t<\/div>\n\t\t\t\t<\/div>\n\t\t\t\t\t<\/div>\n\t\t\t\t<\/div>\n\t\t<div class=\"elementor-element elementor-element-72327beb e-flex e-con-boxed e-con e-parent\" data-id=\"72327beb\" data-element_type=\"container\">\n\t\t\t\t\t<div class=\"e-con-inner\">\n\t\t<div class=\"elementor-element elementor-element-559fb1da e-con-full e-flex e-con e-child\" data-id=\"559fb1da\" data-element_type=\"container\">\n\t\t\t\t<div class=\"elementor-element elementor-element-492186db elementor-widget elementor-widget-text-editor\" data-id=\"492186db\" data-element_type=\"widget\" data-widget_type=\"text-editor.default\">\n\t\t\t\t<div class=\"elementor-widget-container\">\n\t\t\t\t\t\t\t\t\t<p>PalletBiz respects your privacy. Whether you are buying one of PalletBiz\u2019 quality products, or just browsing the PalletBiz Site, PalletBiz wants to make you comfortable with our privacy policy and the security measures that we take to protect your personal information. If you give PalletBiz personal information PalletBiz will treat it according to this policy. PalletBiz encourages you to read this privacy policy.<\/p>\t\t\t\t\t\t\t\t<\/div>\n\t\t\t\t<\/div>\n\t\t\t\t<div class=\"elementor-element elementor-element-19213746 elementor-widget elementor-widget-heading\" data-id=\"19213746\" data-element_type=\"widget\" data-widget_type=\"heading.default\">\n\t\t\t\t<div class=\"elementor-widget-container\">\n\t\t\t\t\t<h2 class=\"elementor-heading-title elementor-size-default\">Consent to policy &amp; updates to policy<\/h2>\t\t\t\t<\/div>\n\t\t\t\t<\/div>\n\t\t\t\t<div class=\"elementor-element elementor-element-347d9b06 elementor-widget elementor-widget-text-editor\" data-id=\"347d9b06\" data-element_type=\"widget\" data-widget_type=\"text-editor.default\">\n\t\t\t\t<div class=\"elementor-widget-container\">\n\t\t\t\t\t\t\t\t\t<p>By using PalletBiz\u2019 Site, you consent to the collection and use of your information by PalletBiz as set forth in the policy below. PalletBiz reserves the right to update, modify, change and alter its privacy policy. All such updates, modifications, changes and alterations are binding on all users and browsers of the PalletBiz Site and will be posted here.<\/p>\t\t\t\t\t\t\t\t<\/div>\n\t\t\t\t<\/div>\n\t\t\t\t<div class=\"elementor-element elementor-element-28ed364d elementor-widget elementor-widget-heading\" data-id=\"28ed364d\" data-element_type=\"widget\" data-widget_type=\"heading.default\">\n\t\t\t\t<div class=\"elementor-widget-container\">\n\t\t\t\t\t<h2 class=\"elementor-heading-title elementor-size-default\">Types and uses of personal information<\/h2>\t\t\t\t<\/div>\n\t\t\t\t<\/div>\n\t\t\t\t<div class=\"elementor-element elementor-element-37d44b15 elementor-widget elementor-widget-text-editor\" data-id=\"37d44b15\" data-element_type=\"widget\" data-widget_type=\"text-editor.default\">\n\t\t\t\t<div class=\"elementor-widget-container\">\n\t\t\t\t\t\t\t\t\t<p>PalletBiz collects personally identifiable information, including name, title, company, address, e-mail address, phone numbers, etc. when a visitor to a PalletBiz Site actively registers via the\u00a0contact form\u00a0or as a \u201cregistered supplier\u201d or otherwise user. PalletBiz does not require this information to obtain access to any part of the Site that is open to the public.<\/p>\t\t\t\t\t\t\t\t<\/div>\n\t\t\t\t<\/div>\n\t\t\t\t<div class=\"elementor-element elementor-element-106c7bac elementor-widget elementor-widget-heading\" data-id=\"106c7bac\" data-element_type=\"widget\" data-widget_type=\"heading.default\">\n\t\t\t\t<div class=\"elementor-widget-container\">\n\t\t\t\t\t<h2 class=\"elementor-heading-title elementor-size-default\">Third parties<\/h2>\t\t\t\t<\/div>\n\t\t\t\t<\/div>\n\t\t\t\t<div class=\"elementor-element elementor-element-1dacbf53 elementor-widget elementor-widget-text-editor\" data-id=\"1dacbf53\" data-element_type=\"widget\" data-widget_type=\"text-editor.default\">\n\t\t\t\t<div class=\"elementor-widget-container\">\n\t\t\t\t\t\t\t\t\t<p>Authorized third parties may need access to some of your personal information. For example, if PalletBiz needs to ship a product to you, PalletBiz must share your name and address with a shipping company. PalletBiz limits such third parties in their access and use of your personal information. PalletBiz does not otherwise share your personal information with third parties, unless you grant PalletBiz permission to do so.<\/p>\t\t\t\t\t\t\t\t<\/div>\n\t\t\t\t<\/div>\n\t\t\t\t<div class=\"elementor-element elementor-element-7e031bca elementor-widget elementor-widget-heading\" data-id=\"7e031bca\" data-element_type=\"widget\" data-widget_type=\"heading.default\">\n\t\t\t\t<div class=\"elementor-widget-container\">\n\t\t\t\t\t<h2 class=\"elementor-heading-title elementor-size-default\">Accessing and updating personal information for registered users<\/h2>\t\t\t\t<\/div>\n\t\t\t\t<\/div>\n\t\t\t\t<div class=\"elementor-element elementor-element-13c44900 elementor-widget elementor-widget-text-editor\" data-id=\"13c44900\" data-element_type=\"widget\" data-widget_type=\"text-editor.default\">\n\t\t\t\t<div class=\"elementor-widget-container\">\n\t\t\t\t\t\t\t\t\t<p>PalletBiz needs your help to ensure that the personal information you provide to PalletBiz is correct and up-to-date. You should immediately notify PalletBiz of any changes to your name, address, company, phone number, or email address to enable us to make changes to your registered user profile, if any.<\/p>\t\t\t\t\t\t\t\t<\/div>\n\t\t\t\t<\/div>\n\t\t\t\t<div class=\"elementor-element elementor-element-628e6d8c elementor-widget elementor-widget-spacer\" data-id=\"628e6d8c\" data-element_type=\"widget\" data-widget_type=\"spacer.default\">\n\t\t\t\t<div class=\"elementor-widget-container\">\n\t\t\t\t\t\t\t<div class=\"elementor-spacer\">\n\t\t\t<div class=\"elementor-spacer-inner\"><\/div>\n\t\t<\/div>\n\t\t\t\t\t\t<\/div>\n\t\t\t\t<\/div>\n\t\t\t\t<\/div>\n\t\t\t\t\t<\/div>\n\t\t\t\t<\/div>\n\t\t<div class=\"elementor-element elementor-element-30f14e2 e-flex e-con-boxed e-con e-parent\" data-id=\"30f14e2\" data-element_type=\"container\">\n\t\t\t\t\t<div class=\"e-con-inner\">\n\t\t<div class=\"elementor-element elementor-element-ac7ebc6 e-con-full e-flex e-con e-child\" data-id=\"ac7ebc6\" data-element_type=\"container\" data-settings=\"{&quot;background_background&quot;:&quot;classic&quot;}\">\n\t\t\t\t<div class=\"elementor-element elementor-element-677bcda5 elementor-widget elementor-widget-heading\" data-id=\"677bcda5\" data-element_type=\"widget\" data-widget_type=\"heading.default\">\n\t\t\t\t<div class=\"elementor-widget-container\">\n\t\t\t\t\t<h2 class=\"elementor-heading-title elementor-size-default\">About Cookies<\/h2>\t\t\t\t<\/div>\n\t\t\t\t<\/div>\n\t\t\t\t<div class=\"elementor-element elementor-element-23325ad6 elementor-widget elementor-widget-text-editor\" data-id=\"23325ad6\" data-element_type=\"widget\" data-widget_type=\"text-editor.default\">\n\t\t\t\t<div class=\"elementor-widget-container\">\n\t\t\t\t\t\t\t\t\t<p>In brief; cookies are small text files, which enhance the user experience on a<\/p><p>web site, by allowing the system to recognize returning visitors etc.<\/p>\t\t\t\t\t\t\t\t<\/div>\n\t\t\t\t<\/div>\n\t\t\t\t<\/div>\n\t\t\t\t\t<\/div>\n\t\t\t\t<\/div>\n\t\t<div class=\"elementor-element elementor-element-3e97b1c9 e-flex e-con-boxed e-con e-parent\" data-id=\"3e97b1c9\" data-element_type=\"container\">\n\t\t\t\t\t<div class=\"e-con-inner\">\n\t\t<div class=\"elementor-element elementor-element-7a9c2fff e-con-full e-flex e-con e-child\" data-id=\"7a9c2fff\" data-element_type=\"container\">\n\t\t\t\t<div class=\"elementor-element elementor-element-4c2f38ff elementor-widget elementor-widget-spacer\" data-id=\"4c2f38ff\" data-element_type=\"widget\" data-widget_type=\"spacer.default\">\n\t\t\t\t<div class=\"elementor-widget-container\">\n\t\t\t\t\t\t\t<div class=\"elementor-spacer\">\n\t\t\t<div class=\"elementor-spacer-inner\"><\/div>\n\t\t<\/div>\n\t\t\t\t\t\t<\/div>\n\t\t\t\t<\/div>\n\t\t\t\t<div class=\"elementor-element elementor-element-5a3c7e61 elementor-widget elementor-widget-heading\" data-id=\"5a3c7e61\" data-element_type=\"widget\" data-widget_type=\"heading.default\">\n\t\t\t\t<div class=\"elementor-widget-container\">\n\t\t\t\t\t<h2 class=\"elementor-heading-title elementor-size-default\">How PalletBiz use Cookies<\/h2>\t\t\t\t<\/div>\n\t\t\t\t<\/div>\n\t\t\t\t<div class=\"elementor-element elementor-element-36134189 elementor-widget elementor-widget-text-editor\" data-id=\"36134189\" data-element_type=\"widget\" data-widget_type=\"text-editor.default\">\n\t\t\t\t<div class=\"elementor-widget-container\">\n\t\t\t\t\t\t\t\t\t<p>PalletBiz is aware of its\u00a0responsibility online\u00a0and towards users and to our individual customers.<br \/>We respect the privacy of personal data and the concerns that visitors may have about the use of their data. In those cases, where we collect and use personal data (name, address, contact information), we apply the very best practices such as double opt-in where applicable and possible.<\/p><p>In brief: cookies are small text files, which enhance the user experience on a web site, by allowing the system to recognize returning visitors etc. (see link) PalletBiz only uses so-called first-party cookies which are cookies created and utilized by PalletBiz.<br \/>Third-party cookies (cookies that are created, managed and analyzed by a separate entity, possibly providing some service to the organization hosting the web site) are not used by PalletBiz.<\/p><p>PalletBiz does not share cookie data \u2013 or related user behavior \u2013 with any third party.<br \/>If you want to make use of PalletBiz Internet and cannot accept the use of these cookies, we will ask you to deactivate the use of cookies within your browser settings.<\/p><p>How to do this \u2013 so-called \u2013 opt-out you can use the information on one of these websites:<br \/><a href=\"https:\/\/www.cookiebot.com\/en\/gdpr-cookies\/\"><u>https:\/\/www.cookiebot.com\/en\/gdpr-cookies\/<\/u><\/a><a href=\"https:\/\/www.2privacy.com\/www\/enable-cookies-disable\/disable-cookies.html\"><u><br \/><\/u><\/a><a href=\"https:\/\/www.wikihow.com\/Disable-Cookies\"><u>https:\/\/www.wikihow.com\/Disable-Cookies<\/u><\/a><br \/><a href=\"https:\/\/support.google.com\/accounts\/answer\/61416\"><u>https:\/\/support.google.com\/accounts\/answer\/61416<\/u><\/a><\/p>\t\t\t\t\t\t\t\t<\/div>\n\t\t\t\t<\/div>\n\t\t\t\t<div class=\"elementor-element elementor-element-8d62d1d elementor-widget elementor-widget-spacer\" data-id=\"8d62d1d\" data-element_type=\"widget\" data-widget_type=\"spacer.default\">\n\t\t\t\t<div class=\"elementor-widget-container\">\n\t\t\t\t\t\t\t<div class=\"elementor-spacer\">\n\t\t\t<div class=\"elementor-spacer-inner\"><\/div>\n\t\t<\/div>\n\t\t\t\t\t\t<\/div>\n\t\t\t\t<\/div>\n\t\t\t\t<\/div>\n\t\t\t\t\t<\/div>\n\t\t\t\t<\/div>\n\t\t\t\t<\/div>\n\t\t","protected":false},"excerpt":{"rendered":"<p>Privacy Policy Browse through our Privacy Policies Home Privacy Policy PalletBiz respects your privacy. Whether you are buying one of PalletBiz\u2019 quality products, or just browsing the PalletBiz Site, PalletBiz wants to make you comfortable with our privacy policy and the security measures that we take to protect your personal information. If you give PalletBiz [&hellip;]<\/p>\n","protected":false},"author":1,"featured_media":0,"parent":0,"menu_order":0,"comment_status":"closed","ping_status":"closed","template":"elementor_header_footer","meta":{"_acf_changed":false,"inline_featured_image":false,"footnotes":""},"class_list":["post-2952","page","type-page","status-publish","hentry"],"acf":[],"yoast_head":"<!-- This site is optimized with the Yoast SEO Premium plugin v26.2 (Yoast SEO v27.3) - https:\/\/yoast.com\/product\/yoast-seo-premium-wordpress\/ -->\n<title>Polityka Prywatno\u015bci \u2013 PalletBiz<\/title>\n<meta name=\"description\" content=\"Olvassa el a PalletBiz Adatv\u00e9delmi Szab\u00e1lyzat\u00e1t, hogy megtudja, hogyan gy\u0171jtj\u00fck, kezelj\u00fck \u00e9s v\u00e9dj\u00fck szem\u00e9lyes adatait biztons\u00e1gosan \u00e9s \u00e1tl\u00e1that\u00f3an.\" \/>\n<meta name=\"robots\" content=\"index, follow, max-snippet:-1, max-image-preview:large, max-video-preview:-1\" \/>\n<link rel=\"canonical\" href=\"https:\/\/palletbiz.com\/hu\/adatvedelmi-szabalyzat\/\" \/>\n<meta property=\"og:locale\" content=\"hu_HU\" \/>\n<meta property=\"og:type\" content=\"article\" \/>\n<meta property=\"og:title\" content=\"Privacy Policy\" \/>\n<meta property=\"og:description\" content=\"Olvassa el a PalletBiz Adatv\u00e9delmi Szab\u00e1lyzat\u00e1t, hogy megtudja, hogyan gy\u0171jtj\u00fck, kezelj\u00fck \u00e9s v\u00e9dj\u00fck szem\u00e9lyes adatait biztons\u00e1gosan \u00e9s \u00e1tl\u00e1that\u00f3an.\" \/>\n<meta property=\"og:url\" content=\"https:\/\/palletbiz.com\/hu\/adatvedelmi-szabalyzat\/\" \/>\n<meta property=\"og:site_name\" content=\"PalletBiz in Hungary\" \/>\n<meta property=\"article:modified_time\" content=\"2025-09-02T08:55:11+00:00\" \/>\n<meta name=\"twitter:card\" content=\"summary_large_image\" \/>\n<meta name=\"twitter:label1\" content=\"Becs\u00fclt olvas\u00e1si id\u0151\" \/>\n\t<meta name=\"twitter:data1\" content=\"4 perc\" \/>\n<script type=\"application\/ld+json\" class=\"yoast-schema-graph\">{\"@context\":\"https:\\\/\\\/schema.org\",\"@graph\":[{\"@type\":\"WebPage\",\"@id\":\"https:\\\/\\\/palletbiz.com\\\/hu\\\/adatvedelmi-szabalyzat\\\/\",\"url\":\"https:\\\/\\\/palletbiz.com\\\/hu\\\/adatvedelmi-szabalyzat\\\/\",\"name\":\"Polityka Prywatno\u015bci \u2013 PalletBiz\",\"isPartOf\":{\"@id\":\"https:\\\/\\\/palletbiz.com\\\/hu\\\/#website\"},\"datePublished\":\"2024-10-24T16:08:00+00:00\",\"dateModified\":\"2025-09-02T08:55:11+00:00\",\"description\":\"Olvassa el a PalletBiz Adatv\u00e9delmi Szab\u00e1lyzat\u00e1t, hogy megtudja, hogyan gy\u0171jtj\u00fck, kezelj\u00fck \u00e9s v\u00e9dj\u00fck szem\u00e9lyes adatait biztons\u00e1gosan \u00e9s \u00e1tl\u00e1that\u00f3an.\",\"breadcrumb\":{\"@id\":\"https:\\\/\\\/palletbiz.com\\\/hu\\\/adatvedelmi-szabalyzat\\\/#breadcrumb\"},\"inLanguage\":\"hu\",\"potentialAction\":[{\"@type\":\"ReadAction\",\"target\":[\"https:\\\/\\\/palletbiz.com\\\/hu\\\/adatvedelmi-szabalyzat\\\/\"]}]},{\"@type\":\"BreadcrumbList\",\"@id\":\"https:\\\/\\\/palletbiz.com\\\/hu\\\/adatvedelmi-szabalyzat\\\/#breadcrumb\",\"itemListElement\":[{\"@type\":\"ListItem\",\"position\":1,\"name\":\"Home\",\"item\":\"https:\\\/\\\/palletbiz.com\\\/hu\\\/\"},{\"@type\":\"ListItem\",\"position\":2,\"name\":\"Privacy Policy\"}]},{\"@type\":\"WebSite\",\"@id\":\"https:\\\/\\\/palletbiz.com\\\/hu\\\/#website\",\"url\":\"https:\\\/\\\/palletbiz.com\\\/hu\\\/\",\"name\":\"PalletBiz in Hungary\",\"description\":\"\",\"potentialAction\":[{\"@type\":\"SearchAction\",\"target\":{\"@type\":\"EntryPoint\",\"urlTemplate\":\"https:\\\/\\\/palletbiz.com\\\/hu\\\/?s={search_term_string}\"},\"query-input\":{\"@type\":\"PropertyValueSpecification\",\"valueRequired\":true,\"valueName\":\"search_term_string\"}}],\"inLanguage\":\"hu\"}]}<\/script>\n<!-- \/ Yoast SEO Premium plugin. -->","yoast_head_json":{"title":"Polityka Prywatno\u015bci \u2013 PalletBiz","description":"Olvassa el a PalletBiz Adatv\u00e9delmi Szab\u00e1lyzat\u00e1t, hogy megtudja, hogyan gy\u0171jtj\u00fck, kezelj\u00fck \u00e9s v\u00e9dj\u00fck szem\u00e9lyes adatait biztons\u00e1gosan \u00e9s \u00e1tl\u00e1that\u00f3an.","robots":{"index":"index","follow":"follow","max-snippet":"max-snippet:-1","max-image-preview":"max-image-preview:large","max-video-preview":"max-video-preview:-1"},"canonical":"https:\/\/palletbiz.com\/hu\/adatvedelmi-szabalyzat\/","og_locale":"hu_HU","og_type":"article","og_title":"Privacy Policy","og_description":"Olvassa el a PalletBiz Adatv\u00e9delmi Szab\u00e1lyzat\u00e1t, hogy megtudja, hogyan gy\u0171jtj\u00fck, kezelj\u00fck \u00e9s v\u00e9dj\u00fck szem\u00e9lyes adatait biztons\u00e1gosan \u00e9s \u00e1tl\u00e1that\u00f3an.","og_url":"https:\/\/palletbiz.com\/hu\/adatvedelmi-szabalyzat\/","og_site_name":"PalletBiz in Hungary","article_modified_time":"2025-09-02T08:55:11+00:00","twitter_card":"summary_large_image","twitter_misc":{"Becs\u00fclt olvas\u00e1si id\u0151":"4 perc"},"schema":{"@context":"https:\/\/schema.org","@graph":[{"@type":"WebPage","@id":"https:\/\/palletbiz.com\/hu\/adatvedelmi-szabalyzat\/","url":"https:\/\/palletbiz.com\/hu\/adatvedelmi-szabalyzat\/","name":"Polityka Prywatno\u015bci \u2013 PalletBiz","isPartOf":{"@id":"https:\/\/palletbiz.com\/hu\/#website"},"datePublished":"2024-10-24T16:08:00+00:00","dateModified":"2025-09-02T08:55:11+00:00","description":"Olvassa el a PalletBiz Adatv\u00e9delmi Szab\u00e1lyzat\u00e1t, hogy megtudja, hogyan gy\u0171jtj\u00fck, kezelj\u00fck \u00e9s v\u00e9dj\u00fck szem\u00e9lyes adatait biztons\u00e1gosan \u00e9s \u00e1tl\u00e1that\u00f3an.","breadcrumb":{"@id":"https:\/\/palletbiz.com\/hu\/adatvedelmi-szabalyzat\/#breadcrumb"},"inLanguage":"hu","potentialAction":[{"@type":"ReadAction","target":["https:\/\/palletbiz.com\/hu\/adatvedelmi-szabalyzat\/"]}]},{"@type":"BreadcrumbList","@id":"https:\/\/palletbiz.com\/hu\/adatvedelmi-szabalyzat\/#breadcrumb","itemListElement":[{"@type":"ListItem","position":1,"name":"Home","item":"https:\/\/palletbiz.com\/hu\/"},{"@type":"ListItem","position":2,"name":"Privacy Policy"}]},{"@type":"WebSite","@id":"https:\/\/palletbiz.com\/hu\/#website","url":"https:\/\/palletbiz.com\/hu\/","name":"PalletBiz in Hungary","description":"","potentialAction":[{"@type":"SearchAction","target":{"@type":"EntryPoint","urlTemplate":"https:\/\/palletbiz.com\/hu\/?s={search_term_string}"},"query-input":{"@type":"PropertyValueSpecification","valueRequired":true,"valueName":"search_term_string"}}],"inLanguage":"hu"}]}},"_links":{"self":[{"href":"https:\/\/palletbiz.com\/hu\/wp-json\/wp\/v2\/pages\/2952","targetHints":{"allow":["GET"]}}],"collection":[{"href":"https:\/\/palletbiz.com\/hu\/wp-json\/wp\/v2\/pages"}],"about":[{"href":"https:\/\/palletbiz.com\/hu\/wp-json\/wp\/v2\/types\/page"}],"author":[{"embeddable":true,"href":"https:\/\/palletbiz.com\/hu\/wp-json\/wp\/v2\/users\/1"}],"replies":[{"embeddable":true,"href":"https:\/\/palletbiz.com\/hu\/wp-json\/wp\/v2\/comments?post=2952"}],"version-history":[{"count":13,"href":"https:\/\/palletbiz.com\/hu\/wp-json\/wp\/v2\/pages\/2952\/revisions"}],"predecessor-version":[{"id":18291,"href":"https:\/\/palletbiz.com\/hu\/wp-json\/wp\/v2\/pages\/2952\/revisions\/18291"}],"wp:attachment":[{"href":"https:\/\/palletbiz.com\/hu\/wp-json\/wp\/v2\/media?parent=2952"}],"curies":[{"name":"wp","href":"https:\/\/api.w.org\/{rel}","templated":true}]}}