{"id":2952,"date":"2024-10-24T16:08:00","date_gmt":"2024-10-24T16:08:00","guid":{"rendered":"https:\/\/khaki-echidna-719470.hostingersite.com\/?page_id=2952"},"modified":"2025-09-02T08:56:23","modified_gmt":"2025-09-02T08:56:23","slug":"polityka-prywatnosci","status":"publish","type":"page","link":"https:\/\/palletbiz.com\/pl\/polityka-prywatnosci\/","title":{"rendered":"Polityka prywatno\u015bci"},"content":{"rendered":"\t\t<div data-elementor-type=\"wp-page\" data-elementor-id=\"2952\" class=\"elementor elementor-2952\" data-elementor-post-type=\"page\">\n\t\t\t\t<div class=\"elementor-element elementor-element-454bd49 e-flex e-con-boxed e-con e-parent\" data-id=\"454bd49\" data-element_type=\"container\">\n\t\t\t\t\t<div class=\"e-con-inner\">\n\t\t<div class=\"elementor-element elementor-element-81b58d6 e-con-full e-flex e-con e-child\" data-id=\"81b58d6\" data-element_type=\"container\" data-settings=\"{&quot;background_background&quot;:&quot;classic&quot;}\">\n\t\t\t\t<div class=\"elementor-element elementor-element-b30698e elementor-widget elementor-widget-heading\" data-id=\"b30698e\" data-element_type=\"widget\" data-widget_type=\"heading.default\">\n\t\t\t\t<div class=\"elementor-widget-container\">\n\t\t\t\t\t<h1 class=\"elementor-heading-title elementor-size-default\">Polityka prywatno\u015bci<\/h1>\t\t\t\t<\/div>\n\t\t\t\t<\/div>\n\t\t\t\t<div class=\"elementor-element elementor-element-4ec92a83 elementor-widget__width-inherit elementor-widget elementor-widget-text-editor\" data-id=\"4ec92a83\" data-element_type=\"widget\" data-widget_type=\"text-editor.default\">\n\t\t\t\t<div class=\"elementor-widget-container\">\n\t\t\t\t\t\t\t\t\t<p>Przejrzyj nasze zasady ochrony prywatno\u015bci<\/p>\t\t\t\t\t\t\t\t<\/div>\n\t\t\t\t<\/div>\n\t\t\t\t<\/div>\n\t\t\t\t\t<\/div>\n\t\t\t\t<\/div>\n\t\t<div class=\"elementor-element elementor-element-8745d1b e-flex e-con-boxed e-con e-parent\" data-id=\"8745d1b\" data-element_type=\"container\">\n\t\t\t\t\t<div class=\"e-con-inner\">\n\t\t<div class=\"elementor-element elementor-element-911d55d e-con-full e-flex e-con e-child\" data-id=\"911d55d\" data-element_type=\"container\">\n\t\t\t\t<div class=\"elementor-element elementor-element-597c421 elementor-icon-list--layout-traditional elementor-list-item-link-full_width elementor-widget elementor-widget-icon-list\" data-id=\"597c421\" data-element_type=\"widget\" data-widget_type=\"icon-list.default\">\n\t\t\t\t<div class=\"elementor-widget-container\">\n\t\t\t\t\t\t\t<ul class=\"elementor-icon-list-items\">\n\t\t\t\t\t\t\t<li class=\"elementor-icon-list-item\">\n\t\t\t\t\t\t\t\t\t\t\t<a href=\"https:\/\/palletbiz.com\/pl\">\n\n\t\t\t\t\t\t\t\t\t\t\t<span class=\"elementor-icon-list-text\">Strona g\u0142\u00f3wna<\/span>\n\t\t\t\t\t\t\t\t\t\t\t<\/a>\n\t\t\t\t\t\t\t\t\t<\/li>\n\t\t\t\t\t\t<\/ul>\n\t\t\t\t\t\t<\/div>\n\t\t\t\t<\/div>\n\t\t\t\t<div class=\"elementor-element elementor-element-9917855 elementor-view-default elementor-widget elementor-widget-icon\" data-id=\"9917855\" data-element_type=\"widget\" data-widget_type=\"icon.default\">\n\t\t\t\t<div class=\"elementor-widget-container\">\n\t\t\t\t\t\t\t<div class=\"elementor-icon-wrapper\">\n\t\t\t<div class=\"elementor-icon\">\n\t\t\t<svg aria-hidden=\"true\" class=\"e-font-icon-svg e-fas-chevron-right\" viewBox=\"0 0 320 512\" xmlns=\"http:\/\/www.w3.org\/2000\/svg\"><path d=\"M285.476 272.971L91.132 467.314c-9.373 9.373-24.569 9.373-33.941 0l-22.667-22.667c-9.357-9.357-9.375-24.522-.04-33.901L188.505 256 34.484 101.255c-9.335-9.379-9.317-24.544.04-33.901l22.667-22.667c9.373-9.373 24.569-9.373 33.941 0L285.475 239.03c9.373 9.372 9.373 24.568.001 33.941z\"><\/path><\/svg>\t\t\t<\/div>\n\t\t<\/div>\n\t\t\t\t\t\t<\/div>\n\t\t\t\t<\/div>\n\t\t\t\t<div class=\"elementor-element elementor-element-b7a9208 elementor-icon-list--layout-traditional elementor-list-item-link-full_width elementor-widget elementor-widget-icon-list\" data-id=\"b7a9208\" data-element_type=\"widget\" data-widget_type=\"icon-list.default\">\n\t\t\t\t<div class=\"elementor-widget-container\">\n\t\t\t\t\t\t\t<ul class=\"elementor-icon-list-items\">\n\t\t\t\t\t\t\t<li class=\"elementor-icon-list-item\">\n\t\t\t\t\t\t\t\t\t\t\t<a href=\"https:\/\/palletbiz.com\/pl\/polityka-prywatnosci\/\">\n\n\t\t\t\t\t\t\t\t\t\t\t<span class=\"elementor-icon-list-text\">Polityka prywatno\u015bci<\/span>\n\t\t\t\t\t\t\t\t\t\t\t<\/a>\n\t\t\t\t\t\t\t\t\t<\/li>\n\t\t\t\t\t\t<\/ul>\n\t\t\t\t\t\t<\/div>\n\t\t\t\t<\/div>\n\t\t\t\t<\/div>\n\t\t\t\t\t<\/div>\n\t\t\t\t<\/div>\n\t\t<div class=\"elementor-element elementor-element-72327beb e-flex e-con-boxed e-con e-parent\" data-id=\"72327beb\" data-element_type=\"container\">\n\t\t\t\t\t<div class=\"e-con-inner\">\n\t\t<div class=\"elementor-element elementor-element-559fb1da e-con-full e-flex e-con e-child\" data-id=\"559fb1da\" data-element_type=\"container\">\n\t\t\t\t<div class=\"elementor-element elementor-element-492186db elementor-widget elementor-widget-text-editor\" data-id=\"492186db\" data-element_type=\"widget\" data-widget_type=\"text-editor.default\">\n\t\t\t\t<div class=\"elementor-widget-container\">\n\t\t\t\t\t\t\t\t\t<p>PalletBiz szanuje Twoj\u0105 prywatno\u015b\u0107. Niezale\u017cnie od tego, czy kupujesz jeden z wysokiej jako\u015bci produkt\u00f3w PalletBiz, czy po prostu przegl\u0105dasz witryn\u0119 PalletBiz, PalletBiz chce, aby\u015b czu\u0142 si\u0119 komfortowo dzi\u0119ki naszej polityce prywatno\u015bci i \u015brodkom bezpiecze\u0144stwa, kt\u00f3re podejmujemy w celu ochrony Twoich danych osobowych. Je\u015bli podasz PalletBiz dane osobowe, PalletBiz b\u0119dzie je traktowa\u0107 zgodnie z niniejsz\u0105 polityk\u0105. PalletBiz zach\u0119ca do zapoznania si\u0119 z niniejsz\u0105 polityk\u0105 prywatno\u015bci.<\/p>\t\t\t\t\t\t\t\t<\/div>\n\t\t\t\t<\/div>\n\t\t\t\t<div class=\"elementor-element elementor-element-19213746 elementor-widget elementor-widget-heading\" data-id=\"19213746\" data-element_type=\"widget\" data-widget_type=\"heading.default\">\n\t\t\t\t<div class=\"elementor-widget-container\">\n\t\t\t\t\t<h2 class=\"elementor-heading-title elementor-size-default\">Zgoda na polityk\u0119 i jej aktualizacje<\/h2>\t\t\t\t<\/div>\n\t\t\t\t<\/div>\n\t\t\t\t<div class=\"elementor-element elementor-element-347d9b06 elementor-widget elementor-widget-text-editor\" data-id=\"347d9b06\" data-element_type=\"widget\" data-widget_type=\"text-editor.default\">\n\t\t\t\t<div class=\"elementor-widget-container\">\n\t\t\t\t\t\t\t\t\t<p>Korzystaj\u0105c z witryny PalletBiz, wyra\u017casz zgod\u0119 na gromadzenie i wykorzystywanie Twoich informacji przez PalletBiz zgodnie z poni\u017csz\u0105 polityk\u0105. PalletBiz zastrzega sobie prawo do aktualizacji, modyfikacji, zmian i modyfikacji swojej polityki prywatno\u015bci. Wszystkie takie aktualizacje, modyfikacje, zmiany i modyfikacje s\u0105 wi\u0105\u017c\u0105ce dla wszystkich u\u017cytkownik\u00f3w i przegl\u0105darek witryny PalletBiz i zostan\u0105 opublikowane tutaj.<\/p>\t\t\t\t\t\t\t\t<\/div>\n\t\t\t\t<\/div>\n\t\t\t\t<div class=\"elementor-element elementor-element-28ed364d elementor-widget elementor-widget-heading\" data-id=\"28ed364d\" data-element_type=\"widget\" data-widget_type=\"heading.default\">\n\t\t\t\t<div class=\"elementor-widget-container\">\n\t\t\t\t\t<h2 class=\"elementor-heading-title elementor-size-default\">Rodzaje i sposoby wykorzystywania danych osobowych<\/h2>\t\t\t\t<\/div>\n\t\t\t\t<\/div>\n\t\t\t\t<div class=\"elementor-element elementor-element-37d44b15 elementor-widget elementor-widget-text-editor\" data-id=\"37d44b15\" data-element_type=\"widget\" data-widget_type=\"text-editor.default\">\n\t\t\t\t<div class=\"elementor-widget-container\">\n\t\t\t\t\t\t\t\t\t<p>PalletBiz gromadzi dane osobowe, w tym imi\u0119 i nazwisko, tytu\u0142, firm\u0119, adres, adres e-mail, numery telefon\u00f3w itp., gdy odwiedzaj\u0105cy witryn\u0119 PalletBiz aktywnie rejestruje si\u0119 za po\u015brednictwem formularza kontaktowego lub jako \u201ezarejestrowany dostawca\u201d lub inny u\u017cytkownik. PalletBiz nie wymaga tych informacji, aby uzyska\u0107 dost\u0119p do jakiejkolwiek cz\u0119\u015bci witryny, kt\u00f3ra jest dost\u0119pna publicznie.<\/p>\t\t\t\t\t\t\t\t<\/div>\n\t\t\t\t<\/div>\n\t\t\t\t<div class=\"elementor-element elementor-element-106c7bac elementor-widget elementor-widget-heading\" data-id=\"106c7bac\" data-element_type=\"widget\" data-widget_type=\"heading.default\">\n\t\t\t\t<div class=\"elementor-widget-container\">\n\t\t\t\t\t<h2 class=\"elementor-heading-title elementor-size-default\">Strony trzecie<\/h2>\t\t\t\t<\/div>\n\t\t\t\t<\/div>\n\t\t\t\t<div class=\"elementor-element elementor-element-1dacbf53 elementor-widget elementor-widget-text-editor\" data-id=\"1dacbf53\" data-element_type=\"widget\" data-widget_type=\"text-editor.default\">\n\t\t\t\t<div class=\"elementor-widget-container\">\n\t\t\t\t\t\t\t\t\t<p>Autoryzowane strony trzecie mog\u0105 potrzebowa\u0107 dost\u0119pu do niekt\u00f3rych danych osobowych u\u017cytkownika. Na przyk\u0142ad, je\u015bli PalletBiz musi wys\u0142a\u0107 produkt do u\u017cytkownika, PalletBiz musi udost\u0119pni\u0107 jego imi\u0119 i nazwisko oraz adres firmie spedycyjnej. PalletBiz ogranicza takim stronom trzecim dost\u0119p do danych osobowych u\u017cytkownika i ich wykorzystanie. PalletBiz w \u017caden inny spos\u00f3b nie udost\u0119pnia danych osobowych u\u017cytkownika stronom trzecim, chyba \u017ce u\u017cytkownik wyrazi na to zgod\u0119.<\/p>\t\t\t\t\t\t\t\t<\/div>\n\t\t\t\t<\/div>\n\t\t\t\t<div class=\"elementor-element elementor-element-7e031bca elementor-widget elementor-widget-heading\" data-id=\"7e031bca\" data-element_type=\"widget\" data-widget_type=\"heading.default\">\n\t\t\t\t<div class=\"elementor-widget-container\">\n\t\t\t\t\t<h2 class=\"elementor-heading-title elementor-size-default\">Dost\u0119p i aktualizacja danych osobowych zarejestrowanych u\u017cytkownik\u00f3w<\/h2>\t\t\t\t<\/div>\n\t\t\t\t<\/div>\n\t\t\t\t<div class=\"elementor-element elementor-element-13c44900 elementor-widget elementor-widget-text-editor\" data-id=\"13c44900\" data-element_type=\"widget\" data-widget_type=\"text-editor.default\">\n\t\t\t\t<div class=\"elementor-widget-container\">\n\t\t\t\t\t\t\t\t\t<p>PalletBiz potrzebuje Twojej pomocy, aby zapewni\u0107, \u017ce dane osobowe, kt\u00f3re przekazujesz PalletBiz, s\u0105 poprawne i aktualne. U\u017cytkownik powinien niezw\u0142ocznie powiadomi\u0107 PalletBiz o wszelkich zmianach imienia i nazwiska, adresu, firmy, numeru telefonu lub adresu e-mail, aby umo\u017cliwi\u0107 nam wprowadzenie ewentualnych zmian w zarejestrowanym profilu u\u017cytkownika.<\/p>\t\t\t\t\t\t\t\t<\/div>\n\t\t\t\t<\/div>\n\t\t\t\t<div class=\"elementor-element elementor-element-628e6d8c elementor-widget elementor-widget-spacer\" data-id=\"628e6d8c\" data-element_type=\"widget\" data-widget_type=\"spacer.default\">\n\t\t\t\t<div class=\"elementor-widget-container\">\n\t\t\t\t\t\t\t<div class=\"elementor-spacer\">\n\t\t\t<div class=\"elementor-spacer-inner\"><\/div>\n\t\t<\/div>\n\t\t\t\t\t\t<\/div>\n\t\t\t\t<\/div>\n\t\t\t\t<\/div>\n\t\t\t\t\t<\/div>\n\t\t\t\t<\/div>\n\t\t<div class=\"elementor-element elementor-element-30f14e2 e-flex e-con-boxed e-con e-parent\" data-id=\"30f14e2\" data-element_type=\"container\">\n\t\t\t\t\t<div class=\"e-con-inner\">\n\t\t<div class=\"elementor-element elementor-element-ac7ebc6 e-con-full e-flex e-con e-child\" data-id=\"ac7ebc6\" data-element_type=\"container\" data-settings=\"{&quot;background_background&quot;:&quot;classic&quot;}\">\n\t\t\t\t<div class=\"elementor-element elementor-element-677bcda5 elementor-widget elementor-widget-heading\" data-id=\"677bcda5\" data-element_type=\"widget\" data-widget_type=\"heading.default\">\n\t\t\t\t<div class=\"elementor-widget-container\">\n\t\t\t\t\t<h2 class=\"elementor-heading-title elementor-size-default\">Informacje o plikach cookie<\/h2>\t\t\t\t<\/div>\n\t\t\t\t<\/div>\n\t\t\t\t<div class=\"elementor-element elementor-element-23325ad6 elementor-widget elementor-widget-text-editor\" data-id=\"23325ad6\" data-element_type=\"widget\" data-widget_type=\"text-editor.default\">\n\t\t\t\t<div class=\"elementor-widget-container\">\n\t\t\t\t\t\t\t\t\tKr\u00f3tko m\u00f3wi\u0105c, pliki cookie to ma\u0142e pliki tekstowe, kt\u00f3re poprawiaj\u0105 komfort korzystania z witryny internetowej,<\/br> umo\u017cliwiaj\u0105c systemowi rozpoznawanie powracaj\u0105cych u\u017cytkownik\u00f3w itp.\t\t\t\t\t\t\t\t<\/div>\n\t\t\t\t<\/div>\n\t\t\t\t<\/div>\n\t\t\t\t\t<\/div>\n\t\t\t\t<\/div>\n\t\t<div class=\"elementor-element elementor-element-3e97b1c9 e-flex e-con-boxed e-con e-parent\" data-id=\"3e97b1c9\" data-element_type=\"container\">\n\t\t\t\t\t<div class=\"e-con-inner\">\n\t\t<div class=\"elementor-element elementor-element-7a9c2fff e-con-full e-flex e-con e-child\" data-id=\"7a9c2fff\" data-element_type=\"container\">\n\t\t\t\t<div class=\"elementor-element elementor-element-4c2f38ff elementor-widget elementor-widget-spacer\" data-id=\"4c2f38ff\" data-element_type=\"widget\" data-widget_type=\"spacer.default\">\n\t\t\t\t<div class=\"elementor-widget-container\">\n\t\t\t\t\t\t\t<div class=\"elementor-spacer\">\n\t\t\t<div class=\"elementor-spacer-inner\"><\/div>\n\t\t<\/div>\n\t\t\t\t\t\t<\/div>\n\t\t\t\t<\/div>\n\t\t\t\t<div class=\"elementor-element elementor-element-5a3c7e61 elementor-widget elementor-widget-heading\" data-id=\"5a3c7e61\" data-element_type=\"widget\" data-widget_type=\"heading.default\">\n\t\t\t\t<div class=\"elementor-widget-container\">\n\t\t\t\t\t<h2 class=\"elementor-heading-title elementor-size-default\">Jak PalletBiz wykorzystuje pliki cookie<\/h2>\t\t\t\t<\/div>\n\t\t\t\t<\/div>\n\t\t\t\t<div class=\"elementor-element elementor-element-36134189 elementor-widget elementor-widget-text-editor\" data-id=\"36134189\" data-element_type=\"widget\" data-widget_type=\"text-editor.default\">\n\t\t\t\t<div class=\"elementor-widget-container\">\n\t\t\t\t\t\t\t\t\t<p>PalletBiz jest \u015bwiadomy swojej odpowiedzialno\u015bci online i wobec u\u017cytkownik\u00f3w oraz naszych indywidualnych klient\u00f3w.<\/p><p>Szanujemy prywatno\u015b\u0107 danych osobowych i obawy odwiedzaj\u0105cych dotycz\u0105ce wykorzystania ich danych. W przypadkach, w kt\u00f3rych gromadzimy i wykorzystujemy dane osobowe (imi\u0119 i nazwisko, adres, dane kontaktowe), stosujemy najlepsze praktyki, takie jak podw\u00f3jna zgoda, je\u015bli ma to zastosowanie i jest mo\u017cliwe.<\/p><p>W skr\u00f3cie: pliki cookie to ma\u0142e pliki tekstowe, kt\u00f3re poprawiaj\u0105 komfort korzystania z witryny internetowej, umo\u017cliwiaj\u0105c systemowi rozpoznawanie powracaj\u0105cych u\u017cytkownik\u00f3w itp. (patrz link) PalletBiz u\u017cywa tylko tak zwanych w\u0142asnych plik\u00f3w cookie, kt\u00f3re s\u0105 tworzone i wykorzystywane przez PalletBiz.<\/p><p>Pliki cookie stron trzecich (pliki cookie, kt\u00f3re s\u0105 tworzone, zarz\u0105dzane i analizowane przez oddzielny podmiot, ewentualnie \u015bwiadcz\u0105cy pewne us\u0142ugi na rzecz organizacji hostuj\u0105cej witryn\u0119 internetow\u0105) nie s\u0105 u\u017cywane przez PalletBiz.<\/p><p>PalletBiz nie udost\u0119pnia danych plik\u00f3w cookie &#8211; ani zwi\u0105zanych z nimi zachowa\u0144 u\u017cytkownik\u00f3w &#8211; \u017cadnym stronom trzecim.<\/p><p>Je\u015bli chcesz korzysta\u0107 z PalletBiz Internet i nie mo\u017cesz zaakceptowa\u0107 korzystania z tych plik\u00f3w cookie, poprosimy Ci\u0119 o wy\u0142\u0105czenie korzystania z plik\u00f3w cookie w ustawieniach przegl\u0105darki.<\/p><p>Jak to zrobi\u0107 &#8211; tak zwana rezygnacja &#8211; mo\u017cna skorzysta\u0107 z informacji na jednej z tych stron internetowych:\u2028<\/p><p><a href=\"https:\/\/www.cookiebot.com\/en\/gdpr-cookies\/\"><u>https:\/\/www.cookiebot.com\/en\/gdpr-cookies\/<\/u><\/a><\/p><p><a href=\"https:\/\/www.wikihow.com\/Disable-Cookies\"><u>https:\/\/www.wikihow.com\/Disable-Cookies<\/u><\/a><\/p><p><a href=\"https:\/\/support.google.com\/accounts\/answer\/61416\"><u>https:\/\/support.google.com\/accounts\/answer\/61416<\/u><\/a><\/p>\t\t\t\t\t\t\t\t<\/div>\n\t\t\t\t<\/div>\n\t\t\t\t<\/div>\n\t\t\t\t\t<\/div>\n\t\t\t\t<\/div>\n\t\t\t\t<\/div>\n\t\t","protected":false},"excerpt":{"rendered":"<p>Polityka prywatno\u015bci Przejrzyj nasze zasady ochrony prywatno\u015bci Strona g\u0142\u00f3wna Polityka prywatno\u015bci PalletBiz szanuje Twoj\u0105 prywatno\u015b\u0107. Niezale\u017cnie od tego, czy kupujesz jeden z wysokiej jako\u015bci produkt\u00f3w PalletBiz, czy po prostu przegl\u0105dasz witryn\u0119 PalletBiz, PalletBiz chce, aby\u015b czu\u0142 si\u0119 komfortowo dzi\u0119ki naszej polityce prywatno\u015bci i \u015brodkom bezpiecze\u0144stwa, kt\u00f3re podejmujemy w celu ochrony Twoich danych osobowych. Je\u015bli podasz [&hellip;]<\/p>\n","protected":false},"author":1,"featured_media":0,"parent":0,"menu_order":0,"comment_status":"closed","ping_status":"closed","template":"elementor_header_footer","meta":{"_acf_changed":false,"inline_featured_image":false,"footnotes":""},"class_list":["post-2952","page","type-page","status-publish","hentry"],"acf":[],"yoast_head":"<!-- This site is optimized with the Yoast SEO Premium plugin v26.2 (Yoast SEO v27.3) - https:\/\/yoast.com\/product\/yoast-seo-premium-wordpress\/ -->\n<title>Polityka Prywatno\u015bci \u2013 PalletBiz<\/title>\n<meta name=\"description\" content=\"Zapoznaj si\u0119 z Polityk\u0105 Prywatno\u015bci PalletBiz i dowiedz si\u0119, jak zbieramy, wykorzystujemy i chronimy Twoje dane osobowe z pe\u0142n\u0105 przejrzysto\u015bci\u0105.\" \/>\n<meta name=\"robots\" content=\"index, follow, max-snippet:-1, max-image-preview:large, max-video-preview:-1\" \/>\n<link rel=\"canonical\" href=\"https:\/\/palletbiz.com\/pl\/polityka-prywatnosci\/\" \/>\n<meta property=\"og:locale\" content=\"pl_PL\" \/>\n<meta property=\"og:type\" content=\"article\" \/>\n<meta property=\"og:title\" content=\"Polityka prywatno\u015bci\" \/>\n<meta property=\"og:description\" content=\"Zapoznaj si\u0119 z Polityk\u0105 Prywatno\u015bci PalletBiz i dowiedz si\u0119, jak zbieramy, wykorzystujemy i chronimy Twoje dane osobowe z pe\u0142n\u0105 przejrzysto\u015bci\u0105.\" \/>\n<meta property=\"og:url\" content=\"https:\/\/palletbiz.com\/pl\/polityka-prywatnosci\/\" \/>\n<meta property=\"og:site_name\" content=\"PalletBiz in Poland\" \/>\n<meta property=\"article:modified_time\" content=\"2025-09-02T08:56:23+00:00\" \/>\n<meta name=\"twitter:card\" content=\"summary_large_image\" \/>\n<meta name=\"twitter:label1\" content=\"Szacowany czas czytania\" \/>\n\t<meta name=\"twitter:data1\" content=\"4 minuty\" \/>\n<script type=\"application\/ld+json\" class=\"yoast-schema-graph\">{\"@context\":\"https:\\\/\\\/schema.org\",\"@graph\":[{\"@type\":\"WebPage\",\"@id\":\"https:\\\/\\\/palletbiz.com\\\/pl\\\/polityka-prywatnosci\\\/\",\"url\":\"https:\\\/\\\/palletbiz.com\\\/pl\\\/polityka-prywatnosci\\\/\",\"name\":\"Polityka Prywatno\u015bci \u2013 PalletBiz\",\"isPartOf\":{\"@id\":\"https:\\\/\\\/palletbiz.com\\\/pl\\\/#website\"},\"datePublished\":\"2024-10-24T16:08:00+00:00\",\"dateModified\":\"2025-09-02T08:56:23+00:00\",\"description\":\"Zapoznaj si\u0119 z Polityk\u0105 Prywatno\u015bci PalletBiz i dowiedz si\u0119, jak zbieramy, wykorzystujemy i chronimy Twoje dane osobowe z pe\u0142n\u0105 przejrzysto\u015bci\u0105.\",\"breadcrumb\":{\"@id\":\"https:\\\/\\\/palletbiz.com\\\/pl\\\/polityka-prywatnosci\\\/#breadcrumb\"},\"inLanguage\":\"pl-PL\",\"potentialAction\":[{\"@type\":\"ReadAction\",\"target\":[\"https:\\\/\\\/palletbiz.com\\\/pl\\\/polityka-prywatnosci\\\/\"]}]},{\"@type\":\"BreadcrumbList\",\"@id\":\"https:\\\/\\\/palletbiz.com\\\/pl\\\/polityka-prywatnosci\\\/#breadcrumb\",\"itemListElement\":[{\"@type\":\"ListItem\",\"position\":1,\"name\":\"Home\",\"item\":\"https:\\\/\\\/palletbiz.com\\\/pl\\\/\"},{\"@type\":\"ListItem\",\"position\":2,\"name\":\"Polityka prywatno\u015bci\"}]},{\"@type\":\"WebSite\",\"@id\":\"https:\\\/\\\/palletbiz.com\\\/pl\\\/#website\",\"url\":\"https:\\\/\\\/palletbiz.com\\\/pl\\\/\",\"name\":\"PalletBiz in Poland\",\"description\":\"\",\"potentialAction\":[{\"@type\":\"SearchAction\",\"target\":{\"@type\":\"EntryPoint\",\"urlTemplate\":\"https:\\\/\\\/palletbiz.com\\\/pl\\\/?s={search_term_string}\"},\"query-input\":{\"@type\":\"PropertyValueSpecification\",\"valueRequired\":true,\"valueName\":\"search_term_string\"}}],\"inLanguage\":\"pl-PL\"}]}<\/script>\n<!-- \/ Yoast SEO Premium plugin. -->","yoast_head_json":{"title":"Polityka Prywatno\u015bci \u2013 PalletBiz","description":"Zapoznaj si\u0119 z Polityk\u0105 Prywatno\u015bci PalletBiz i dowiedz si\u0119, jak zbieramy, wykorzystujemy i chronimy Twoje dane osobowe z pe\u0142n\u0105 przejrzysto\u015bci\u0105.","robots":{"index":"index","follow":"follow","max-snippet":"max-snippet:-1","max-image-preview":"max-image-preview:large","max-video-preview":"max-video-preview:-1"},"canonical":"https:\/\/palletbiz.com\/pl\/polityka-prywatnosci\/","og_locale":"pl_PL","og_type":"article","og_title":"Polityka prywatno\u015bci","og_description":"Zapoznaj si\u0119 z Polityk\u0105 Prywatno\u015bci PalletBiz i dowiedz si\u0119, jak zbieramy, wykorzystujemy i chronimy Twoje dane osobowe z pe\u0142n\u0105 przejrzysto\u015bci\u0105.","og_url":"https:\/\/palletbiz.com\/pl\/polityka-prywatnosci\/","og_site_name":"PalletBiz in Poland","article_modified_time":"2025-09-02T08:56:23+00:00","twitter_card":"summary_large_image","twitter_misc":{"Szacowany czas czytania":"4 minuty"},"schema":{"@context":"https:\/\/schema.org","@graph":[{"@type":"WebPage","@id":"https:\/\/palletbiz.com\/pl\/polityka-prywatnosci\/","url":"https:\/\/palletbiz.com\/pl\/polityka-prywatnosci\/","name":"Polityka Prywatno\u015bci \u2013 PalletBiz","isPartOf":{"@id":"https:\/\/palletbiz.com\/pl\/#website"},"datePublished":"2024-10-24T16:08:00+00:00","dateModified":"2025-09-02T08:56:23+00:00","description":"Zapoznaj si\u0119 z Polityk\u0105 Prywatno\u015bci PalletBiz i dowiedz si\u0119, jak zbieramy, wykorzystujemy i chronimy Twoje dane osobowe z pe\u0142n\u0105 przejrzysto\u015bci\u0105.","breadcrumb":{"@id":"https:\/\/palletbiz.com\/pl\/polityka-prywatnosci\/#breadcrumb"},"inLanguage":"pl-PL","potentialAction":[{"@type":"ReadAction","target":["https:\/\/palletbiz.com\/pl\/polityka-prywatnosci\/"]}]},{"@type":"BreadcrumbList","@id":"https:\/\/palletbiz.com\/pl\/polityka-prywatnosci\/#breadcrumb","itemListElement":[{"@type":"ListItem","position":1,"name":"Home","item":"https:\/\/palletbiz.com\/pl\/"},{"@type":"ListItem","position":2,"name":"Polityka prywatno\u015bci"}]},{"@type":"WebSite","@id":"https:\/\/palletbiz.com\/pl\/#website","url":"https:\/\/palletbiz.com\/pl\/","name":"PalletBiz in Poland","description":"","potentialAction":[{"@type":"SearchAction","target":{"@type":"EntryPoint","urlTemplate":"https:\/\/palletbiz.com\/pl\/?s={search_term_string}"},"query-input":{"@type":"PropertyValueSpecification","valueRequired":true,"valueName":"search_term_string"}}],"inLanguage":"pl-PL"}]}},"_links":{"self":[{"href":"https:\/\/palletbiz.com\/pl\/wp-json\/wp\/v2\/pages\/2952","targetHints":{"allow":["GET"]}}],"collection":[{"href":"https:\/\/palletbiz.com\/pl\/wp-json\/wp\/v2\/pages"}],"about":[{"href":"https:\/\/palletbiz.com\/pl\/wp-json\/wp\/v2\/types\/page"}],"author":[{"embeddable":true,"href":"https:\/\/palletbiz.com\/pl\/wp-json\/wp\/v2\/users\/1"}],"replies":[{"embeddable":true,"href":"https:\/\/palletbiz.com\/pl\/wp-json\/wp\/v2\/comments?post=2952"}],"version-history":[{"count":16,"href":"https:\/\/palletbiz.com\/pl\/wp-json\/wp\/v2\/pages\/2952\/revisions"}],"predecessor-version":[{"id":18168,"href":"https:\/\/palletbiz.com\/pl\/wp-json\/wp\/v2\/pages\/2952\/revisions\/18168"}],"wp:attachment":[{"href":"https:\/\/palletbiz.com\/pl\/wp-json\/wp\/v2\/media?parent=2952"}],"curies":[{"name":"wp","href":"https:\/\/api.w.org\/{rel}","templated":true}]}}