{"id":14912,"date":"2024-10-24T16:08:00","date_gmt":"2024-10-24T16:08:00","guid":{"rendered":"https:\/\/project2024.palletbiz.com\/?page_id=14912"},"modified":"2025-09-02T08:57:55","modified_gmt":"2025-09-02T08:57:55","slug":"politica-intimitate","status":"publish","type":"page","link":"https:\/\/palletbiz.com\/ro\/politica-intimitate\/","title":{"rendered":"Privacy Policy"},"content":{"rendered":"\t\t<div data-elementor-type=\"wp-page\" data-elementor-id=\"14912\" class=\"elementor elementor-14912\" data-elementor-post-type=\"page\">\n\t\t\t\t<div class=\"elementor-element elementor-element-454bd49 e-flex e-con-boxed e-con e-parent\" data-id=\"454bd49\" data-element_type=\"container\">\n\t\t\t\t\t<div class=\"e-con-inner\">\n\t\t<div class=\"elementor-element elementor-element-81b58d6 e-con-full e-flex e-con e-child\" data-id=\"81b58d6\" data-element_type=\"container\" data-settings=\"{&quot;background_background&quot;:&quot;classic&quot;}\">\n\t\t\t\t<div class=\"elementor-element elementor-element-b30698e elementor-widget elementor-widget-heading\" data-id=\"b30698e\" data-element_type=\"widget\" data-widget_type=\"heading.default\">\n\t\t\t\t<div class=\"elementor-widget-container\">\n\t\t\t\t\t<h1 class=\"elementor-heading-title elementor-size-default\">Politica de confiden\u021bialitate<\/h1>\t\t\t\t<\/div>\n\t\t\t\t<\/div>\n\t\t\t\t<div class=\"elementor-element elementor-element-4ec92a83 elementor-widget__width-inherit elementor-widget elementor-widget-text-editor\" data-id=\"4ec92a83\" data-element_type=\"widget\" data-widget_type=\"text-editor.default\">\n\t\t\t\t<div class=\"elementor-widget-container\">\n\t\t\t\t\t\t\t\t\t<p>R\u0103sfoi\u021bi Politicile noastre de Confiden\u021bialitate<\/p>\t\t\t\t\t\t\t\t<\/div>\n\t\t\t\t<\/div>\n\t\t\t\t<\/div>\n\t\t\t\t\t<\/div>\n\t\t\t\t<\/div>\n\t\t<div class=\"elementor-element elementor-element-8745d1b e-flex e-con-boxed e-con e-parent\" data-id=\"8745d1b\" data-element_type=\"container\">\n\t\t\t\t\t<div class=\"e-con-inner\">\n\t\t<div class=\"elementor-element elementor-element-911d55d e-con-full e-flex e-con e-child\" data-id=\"911d55d\" data-element_type=\"container\">\n\t\t\t\t<div class=\"elementor-element elementor-element-597c421 elementor-icon-list--layout-traditional elementor-list-item-link-full_width elementor-widget elementor-widget-icon-list\" data-id=\"597c421\" data-element_type=\"widget\" data-widget_type=\"icon-list.default\">\n\t\t\t\t<div class=\"elementor-widget-container\">\n\t\t\t\t\t\t\t<ul class=\"elementor-icon-list-items\">\n\t\t\t\t\t\t\t<li class=\"elementor-icon-list-item\">\n\t\t\t\t\t\t\t\t\t\t\t<a href=\"https:\/\/palletbiz.com\/ro\">\n\n\t\t\t\t\t\t\t\t\t\t\t<span class=\"elementor-icon-list-text\">Acas\u0103<\/span>\n\t\t\t\t\t\t\t\t\t\t\t<\/a>\n\t\t\t\t\t\t\t\t\t<\/li>\n\t\t\t\t\t\t<\/ul>\n\t\t\t\t\t\t<\/div>\n\t\t\t\t<\/div>\n\t\t\t\t<div class=\"elementor-element elementor-element-9917855 elementor-view-default elementor-widget elementor-widget-icon\" data-id=\"9917855\" data-element_type=\"widget\" data-widget_type=\"icon.default\">\n\t\t\t\t<div class=\"elementor-widget-container\">\n\t\t\t\t\t\t\t<div class=\"elementor-icon-wrapper\">\n\t\t\t<div class=\"elementor-icon\">\n\t\t\t<svg aria-hidden=\"true\" class=\"e-font-icon-svg e-fas-chevron-right\" viewBox=\"0 0 320 512\" xmlns=\"http:\/\/www.w3.org\/2000\/svg\"><path d=\"M285.476 272.971L91.132 467.314c-9.373 9.373-24.569 9.373-33.941 0l-22.667-22.667c-9.357-9.357-9.375-24.522-.04-33.901L188.505 256 34.484 101.255c-9.335-9.379-9.317-24.544.04-33.901l22.667-22.667c9.373-9.373 24.569-9.373 33.941 0L285.475 239.03c9.373 9.372 9.373 24.568.001 33.941z\"><\/path><\/svg>\t\t\t<\/div>\n\t\t<\/div>\n\t\t\t\t\t\t<\/div>\n\t\t\t\t<\/div>\n\t\t\t\t<div class=\"elementor-element elementor-element-b7a9208 elementor-icon-list--layout-traditional elementor-list-item-link-full_width elementor-widget elementor-widget-icon-list\" data-id=\"b7a9208\" data-element_type=\"widget\" data-widget_type=\"icon-list.default\">\n\t\t\t\t<div class=\"elementor-widget-container\">\n\t\t\t\t\t\t\t<ul class=\"elementor-icon-list-items\">\n\t\t\t\t\t\t\t<li class=\"elementor-icon-list-item\">\n\t\t\t\t\t\t\t\t\t\t\t<a href=\"https:\/\/palletbiz.com\/ro\/politica-intimitate\/\">\n\n\t\t\t\t\t\t\t\t\t\t\t<span class=\"elementor-icon-list-text\">Politica de confiden\u021bialitate<\/span>\n\t\t\t\t\t\t\t\t\t\t\t<\/a>\n\t\t\t\t\t\t\t\t\t<\/li>\n\t\t\t\t\t\t<\/ul>\n\t\t\t\t\t\t<\/div>\n\t\t\t\t<\/div>\n\t\t\t\t<\/div>\n\t\t\t\t\t<\/div>\n\t\t\t\t<\/div>\n\t\t<div class=\"elementor-element elementor-element-72327beb e-flex e-con-boxed e-con e-parent\" data-id=\"72327beb\" data-element_type=\"container\">\n\t\t\t\t\t<div class=\"e-con-inner\">\n\t\t<div class=\"elementor-element elementor-element-559fb1da e-con-full e-flex e-con e-child\" data-id=\"559fb1da\" data-element_type=\"container\">\n\t\t\t\t<div class=\"elementor-element elementor-element-492186db elementor-widget elementor-widget-text-editor\" data-id=\"492186db\" data-element_type=\"widget\" data-widget_type=\"text-editor.default\">\n\t\t\t\t<div class=\"elementor-widget-container\">\n\t\t\t\t\t\t\t\t\t<p>PalletBiz respect\u0103 confiden\u021bialitatea dumneavoastr\u0103. Fie c\u0103 achizi\u021biona\u021bi unul dintre produsele de calitate PalletBiz sau doar naviga\u021bi pe site-ul PalletBiz, PalletBiz dore\u0219te s\u0103 v\u0103 fac\u0103 s\u0103 v\u0103 sim\u021bi\u021bi confortabil cu politica noastr\u0103 de confiden\u021bialitate \u0219i m\u0103surile de securitate pe care le lu\u0103m pentru a proteja informa\u021biile dumneavoastr\u0103 personale. Dac\u0103 furniza\u021bi PalletBiz informa\u021bii personale, PalletBiz le va trata conform acestei politici. PalletBiz v\u0103 \u00eencurajeaz\u0103 s\u0103 citi\u021bi aceast\u0103 politic\u0103 de confiden\u021bialitate.<\/p>\t\t\t\t\t\t\t\t<\/div>\n\t\t\t\t<\/div>\n\t\t\t\t<div class=\"elementor-element elementor-element-19213746 elementor-widget elementor-widget-heading\" data-id=\"19213746\" data-element_type=\"widget\" data-widget_type=\"heading.default\">\n\t\t\t\t<div class=\"elementor-widget-container\">\n\t\t\t\t\t<h2 class=\"elementor-heading-title elementor-size-default\">Consim\u021b\u0103m\u00e2nt pentru politic\u0103 \u0219i actualiz\u0103ri ale politicii<\/h2>\t\t\t\t<\/div>\n\t\t\t\t<\/div>\n\t\t\t\t<div class=\"elementor-element elementor-element-347d9b06 elementor-widget elementor-widget-text-editor\" data-id=\"347d9b06\" data-element_type=\"widget\" data-widget_type=\"text-editor.default\">\n\t\t\t\t<div class=\"elementor-widget-container\">\n\t\t\t\t\t\t\t\t\t<p>Prin utilizarea site-ului PalletBiz, v\u0103 da\u021bi consim\u021b\u0103m\u00e2ntul pentru colectarea \u0219i utilizarea informa\u021biilor dumneavoastr\u0103 de c\u0103tre PalletBiz, conform politicii de mai jos. PalletBiz \u00ee\u0219i rezerv\u0103 dreptul de a actualiza, modifica, schimba \u0219i altera politica de confiden\u021bialitate. Toate aceste actualiz\u0103ri, modific\u0103ri, schimb\u0103ri \u0219i alter\u0103ri sunt obligatorii pentru to\u021bi utilizatorii \u0219i vizitatorii site-ului PalletBiz \u0219i vor fi publicate aici.<\/p>\t\t\t\t\t\t\t\t<\/div>\n\t\t\t\t<\/div>\n\t\t\t\t<div class=\"elementor-element elementor-element-28ed364d elementor-widget elementor-widget-heading\" data-id=\"28ed364d\" data-element_type=\"widget\" data-widget_type=\"heading.default\">\n\t\t\t\t<div class=\"elementor-widget-container\">\n\t\t\t\t\t<h2 class=\"elementor-heading-title elementor-size-default\">Tipuri \u0219i utiliz\u0103ri ale informa\u021biilor personale<\/h2>\t\t\t\t<\/div>\n\t\t\t\t<\/div>\n\t\t\t\t<div class=\"elementor-element elementor-element-37d44b15 elementor-widget elementor-widget-text-editor\" data-id=\"37d44b15\" data-element_type=\"widget\" data-widget_type=\"text-editor.default\">\n\t\t\t\t<div class=\"elementor-widget-container\">\n\t\t\t\t\t\t\t\t\t<p>PalletBiz colecteaz\u0103 informa\u021bii personale identificabile, inclusiv nume, titlu, companie, adres\u0103, adres\u0103 de e-mail, numere de telefon etc., atunci c\u00e2nd un vizitator al site-ului PalletBiz se \u00eenregistreaz\u0103 activ prin formularul de contact sau ca \u201efurnizor \u00eenregistrat\u201d sau altfel ca utilizator. PalletBiz nu solicit\u0103 aceste informa\u021bii pentru a ob\u021bine acces la nicio parte a site-ului care este deschis publicului.<\/p>\t\t\t\t\t\t\t\t<\/div>\n\t\t\t\t<\/div>\n\t\t\t\t<div class=\"elementor-element elementor-element-106c7bac elementor-widget elementor-widget-heading\" data-id=\"106c7bac\" data-element_type=\"widget\" data-widget_type=\"heading.default\">\n\t\t\t\t<div class=\"elementor-widget-container\">\n\t\t\t\t\t<h2 class=\"elementor-heading-title elementor-size-default\">Ter\u021be p\u0103r\u021bi<\/h2>\t\t\t\t<\/div>\n\t\t\t\t<\/div>\n\t\t\t\t<div class=\"elementor-element elementor-element-1dacbf53 elementor-widget elementor-widget-text-editor\" data-id=\"1dacbf53\" data-element_type=\"widget\" data-widget_type=\"text-editor.default\">\n\t\t\t\t<div class=\"elementor-widget-container\">\n\t\t\t\t\t\t\t\t\t<p>P\u0103r\u021bile ter\u021be autorizate pot avea nevoie de acces la unele dintre informa\u021biile dumneavoastr\u0103 personale. De exemplu, dac\u0103 PalletBiz trebuie s\u0103 expedieze un produs c\u0103tre dumneavoastr\u0103, PalletBiz trebuie s\u0103 \u00eemp\u0103rt\u0103\u0219easc\u0103 numele \u0219i adresa dumneavoastr\u0103 cu o companie de livrare. PalletBiz limiteaz\u0103 accesul \u0219i utilizarea informa\u021biilor dumneavoastr\u0103 personale de c\u0103tre aceste p\u0103r\u021bi ter\u021be. PalletBiz nu \u00eemp\u0103rt\u0103\u0219e\u0219te informa\u021biile dumneavoastr\u0103 personale cu ter\u021be p\u0103r\u021bi, cu excep\u021bia cazului \u00een care acorda\u021bi permisiunea PalletBiz pentru a face acest lucru.<\/p>\t\t\t\t\t\t\t\t<\/div>\n\t\t\t\t<\/div>\n\t\t\t\t<div class=\"elementor-element elementor-element-7e031bca elementor-widget elementor-widget-heading\" data-id=\"7e031bca\" data-element_type=\"widget\" data-widget_type=\"heading.default\">\n\t\t\t\t<div class=\"elementor-widget-container\">\n\t\t\t\t\t<h2 class=\"elementor-heading-title elementor-size-default\">Accesarea \u0219i actualizarea informa\u021biilor personale pentru utilizatorii \u00eenregistra\u021bi<\/h2>\t\t\t\t<\/div>\n\t\t\t\t<\/div>\n\t\t\t\t<div class=\"elementor-element elementor-element-13c44900 elementor-widget elementor-widget-text-editor\" data-id=\"13c44900\" data-element_type=\"widget\" data-widget_type=\"text-editor.default\">\n\t\t\t\t<div class=\"elementor-widget-container\">\n\t\t\t\t\t\t\t\t\t<p>PalletBiz are nevoie de ajutorul dumneavoastr\u0103 pentru a asigura c\u0103 informa\u021biile personale pe care le furniza\u021bi c\u0103tre PalletBiz sunt corecte \u0219i actualizate. Trebuie s\u0103 notifica\u021bi imediat PalletBiz orice modificare a numelui, adresei, companiei, num\u0103rului de telefon sau adresei de email pentru a ne permite s\u0103 facem modific\u0103rile necesare \u00een profilul dumneavoastr\u0103 de utilizator \u00eenregistrat, dac\u0103 este cazul.<\/p>\t\t\t\t\t\t\t\t<\/div>\n\t\t\t\t<\/div>\n\t\t\t\t<div class=\"elementor-element elementor-element-628e6d8c elementor-widget elementor-widget-spacer\" data-id=\"628e6d8c\" data-element_type=\"widget\" data-widget_type=\"spacer.default\">\n\t\t\t\t<div class=\"elementor-widget-container\">\n\t\t\t\t\t\t\t<div class=\"elementor-spacer\">\n\t\t\t<div class=\"elementor-spacer-inner\"><\/div>\n\t\t<\/div>\n\t\t\t\t\t\t<\/div>\n\t\t\t\t<\/div>\n\t\t\t\t<\/div>\n\t\t\t\t\t<\/div>\n\t\t\t\t<\/div>\n\t\t<div class=\"elementor-element elementor-element-30f14e2 e-flex e-con-boxed e-con e-parent\" data-id=\"30f14e2\" data-element_type=\"container\">\n\t\t\t\t\t<div class=\"e-con-inner\">\n\t\t<div class=\"elementor-element elementor-element-ac7ebc6 e-con-full e-flex e-con e-child\" data-id=\"ac7ebc6\" data-element_type=\"container\" data-settings=\"{&quot;background_background&quot;:&quot;classic&quot;}\">\n\t\t\t\t<div class=\"elementor-element elementor-element-677bcda5 elementor-widget elementor-widget-heading\" data-id=\"677bcda5\" data-element_type=\"widget\" data-widget_type=\"heading.default\">\n\t\t\t\t<div class=\"elementor-widget-container\">\n\t\t\t\t\t<h2 class=\"elementor-heading-title elementor-size-default\">Despre Cookie-uri<\/h2>\t\t\t\t<\/div>\n\t\t\t\t<\/div>\n\t\t\t\t<div class=\"elementor-element elementor-element-23325ad6 elementor-widget elementor-widget-text-editor\" data-id=\"23325ad6\" data-element_type=\"widget\" data-widget_type=\"text-editor.default\">\n\t\t\t\t<div class=\"elementor-widget-container\">\n\t\t\t\t\t\t\t\t\t<p>Pe scurt, cookie-urile sunt fi\u0219iere mici de text care \u00eembun\u0103t\u0103\u021besc experien\u021ba<\/p><p>utilizatorului pe un site web, permi\u021b\u00e2nd sistemului s\u0103 recunoasc\u0103 vizitatorii care revin, etc.<\/p>\t\t\t\t\t\t\t\t<\/div>\n\t\t\t\t<\/div>\n\t\t\t\t<\/div>\n\t\t\t\t\t<\/div>\n\t\t\t\t<\/div>\n\t\t<div class=\"elementor-element elementor-element-3e97b1c9 e-flex e-con-boxed e-con e-parent\" data-id=\"3e97b1c9\" data-element_type=\"container\">\n\t\t\t\t\t<div class=\"e-con-inner\">\n\t\t<div class=\"elementor-element elementor-element-7a9c2fff e-con-full e-flex e-con e-child\" data-id=\"7a9c2fff\" data-element_type=\"container\">\n\t\t\t\t<div class=\"elementor-element elementor-element-4c2f38ff elementor-widget elementor-widget-spacer\" data-id=\"4c2f38ff\" data-element_type=\"widget\" data-widget_type=\"spacer.default\">\n\t\t\t\t<div class=\"elementor-widget-container\">\n\t\t\t\t\t\t\t<div class=\"elementor-spacer\">\n\t\t\t<div class=\"elementor-spacer-inner\"><\/div>\n\t\t<\/div>\n\t\t\t\t\t\t<\/div>\n\t\t\t\t<\/div>\n\t\t\t\t<div class=\"elementor-element elementor-element-5a3c7e61 elementor-widget elementor-widget-heading\" data-id=\"5a3c7e61\" data-element_type=\"widget\" data-widget_type=\"heading.default\">\n\t\t\t\t<div class=\"elementor-widget-container\">\n\t\t\t\t\t<h2 class=\"elementor-heading-title elementor-size-default\">Cum utilizeaz\u0103 PalletBiz cookie-urile<\/h2>\t\t\t\t<\/div>\n\t\t\t\t<\/div>\n\t\t\t\t<div class=\"elementor-element elementor-element-36134189 elementor-widget elementor-widget-text-editor\" data-id=\"36134189\" data-element_type=\"widget\" data-widget_type=\"text-editor.default\">\n\t\t\t\t<div class=\"elementor-widget-container\">\n\t\t\t\t\t\t\t\t\t<p>PalletBiz este con\u0219tient de responsabilitatea sa online fa\u021b\u0103 de utilizatori \u0219i fa\u021b\u0103 de clien\u021bii s\u0103i individuali. Respect\u0103m confiden\u021bialitatea datelor personale \u0219i preocup\u0103rile pe care le pot avea vizitatorii cu privire la utilizarea datelor lor. \u00cen cazurile \u00een care colect\u0103m \u0219i utiliz\u0103m date personale (nume, adres\u0103, informa\u021bii de contact), aplic\u0103m cele mai bune practici, cum ar fi op\u021biunea dubl\u0103 de consim\u021b\u0103m\u00e2nt acolo unde este aplicabil \u0219i posibil.<\/p><p>Pe scurt: cookie-urile sunt fi\u0219iere mici de text care \u00eembun\u0103t\u0103\u021besc experien\u021ba utilizatorului pe un site web, permi\u021b\u00e2nd sistemului s\u0103 recunoasc\u0103 vizitatorii care revin, etc. (vede\u021bi link-ul) PalletBiz utilizeaz\u0103 doar cookie-uri de prim\u0103 parte, care sunt cookie-uri create \u0219i utilizate de PalletBiz. Cookie-urile de ter\u021b\u0103 parte (cookie-uri create, gestionate \u0219i analizate de o entitate separat\u0103, care poate furniza un serviciu organiza\u021biei care g\u0103zduie\u0219te site-ul web) nu sunt utilizate de PalletBiz.<\/p><p>PalletBiz nu \u00eemp\u0103rt\u0103\u0219e\u0219te datele cookie-urilor \u2013 sau comportamentul utilizatorilor asociat \u2013 cu nicio ter\u021b\u0103 parte. Dac\u0103 dori\u021bi s\u0103 utiliza\u021bi internetul PalletBiz \u0219i nu accepta\u021bi utilizarea acestor cookie-uri, v\u0103 vom solicita s\u0103 dezactiva\u021bi utilizarea cookie-urilor \u00een set\u0103rile browserului dumneavoastr\u0103.<\/p><p>Cum s\u0103 face\u021bi acest lucru \u2013 op\u021biunea de a refuza utilizarea cookie-urilor poate fi g\u0103sit\u0103 pe una dintre urm\u0103toarele site-uri:<\/p><p><a href=\"https:\/\/www.cookiebot.com\/en\/gdpr-cookies\/\"><u>https:\/\/www.cookiebot.com\/en\/gdpr-cookies\/<\/u><\/a><\/p><p><a href=\"https:\/\/www.wikihow.com\/Disable-Cookies\"><u>https:\/\/www.wikihow.com\/Disable-Cookies<\/u><\/a><br \/><u><\/u><\/p><p><a href=\"https:\/\/support.google.com\/accounts\/answer\/61416\"><u>https:\/\/support.google.com\/accounts\/answer\/61416<\/u><\/a><\/p>\t\t\t\t\t\t\t\t<\/div>\n\t\t\t\t<\/div>\n\t\t\t\t<div class=\"elementor-element elementor-element-0dd48b7 elementor-widget elementor-widget-spacer\" data-id=\"0dd48b7\" data-element_type=\"widget\" data-widget_type=\"spacer.default\">\n\t\t\t\t<div class=\"elementor-widget-container\">\n\t\t\t\t\t\t\t<div class=\"elementor-spacer\">\n\t\t\t<div class=\"elementor-spacer-inner\"><\/div>\n\t\t<\/div>\n\t\t\t\t\t\t<\/div>\n\t\t\t\t<\/div>\n\t\t\t\t<\/div>\n\t\t\t\t\t<\/div>\n\t\t\t\t<\/div>\n\t\t\t\t<\/div>\n\t\t","protected":false},"excerpt":{"rendered":"<p>Politica de confiden\u021bialitate R\u0103sfoi\u021bi Politicile noastre de Confiden\u021bialitate Acas\u0103 Politica de confiden\u021bialitate PalletBiz respect\u0103 confiden\u021bialitatea dumneavoastr\u0103. Fie c\u0103 achizi\u021biona\u021bi unul dintre produsele de calitate PalletBiz sau doar naviga\u021bi pe site-ul PalletBiz, PalletBiz dore\u0219te s\u0103 v\u0103 fac\u0103 s\u0103 v\u0103 sim\u021bi\u021bi confortabil cu politica noastr\u0103 de confiden\u021bialitate \u0219i m\u0103surile de securitate pe care le lu\u0103m pentru a [&hellip;]<\/p>\n","protected":false},"author":1,"featured_media":0,"parent":0,"menu_order":0,"comment_status":"closed","ping_status":"closed","template":"elementor_header_footer","meta":{"_acf_changed":false,"inline_featured_image":false,"footnotes":""},"class_list":["post-14912","page","type-page","status-publish","hentry"],"acf":[],"yoast_head":"<!-- This site is optimized with the Yoast SEO Premium plugin v26.2 (Yoast SEO v27.3) - https:\/\/yoast.com\/product\/yoast-seo-premium-wordpress\/ -->\n<title>Politica de Confiden\u021bialitate \u2013 PalletBiz<\/title>\n<meta name=\"description\" content=\"Cite\u0219te Politica de Confiden\u021bialitate PalletBiz pentru a afla cum colect\u0103m, utiliz\u0103m \u0219i protej\u0103m datele tale personale \u00een mod sigur \u0219i transparent.\" \/>\n<meta name=\"robots\" content=\"index, follow, max-snippet:-1, max-image-preview:large, max-video-preview:-1\" \/>\n<link rel=\"canonical\" href=\"https:\/\/palletbiz.com\/ro\/politica-intimitate\/\" \/>\n<meta property=\"og:locale\" content=\"ro_RO\" \/>\n<meta property=\"og:type\" content=\"article\" \/>\n<meta property=\"og:title\" content=\"Privacy Policy\" \/>\n<meta property=\"og:description\" content=\"Cite\u0219te Politica de Confiden\u021bialitate PalletBiz pentru a afla cum colect\u0103m, utiliz\u0103m \u0219i protej\u0103m datele tale personale \u00een mod sigur \u0219i transparent.\" \/>\n<meta property=\"og:url\" content=\"https:\/\/palletbiz.com\/ro\/politica-intimitate\/\" \/>\n<meta property=\"og:site_name\" content=\"PalletBiz \u00een Rom\u00e2nia\" \/>\n<meta property=\"article:modified_time\" content=\"2025-09-02T08:57:55+00:00\" \/>\n<meta name=\"twitter:card\" content=\"summary_large_image\" \/>\n<meta name=\"twitter:label1\" content=\"Timp estimat pentru citire\" \/>\n\t<meta name=\"twitter:data1\" content=\"4 minute\" \/>\n<script type=\"application\/ld+json\" class=\"yoast-schema-graph\">{\"@context\":\"https:\\\/\\\/schema.org\",\"@graph\":[{\"@type\":\"WebPage\",\"@id\":\"https:\\\/\\\/palletbiz.com\\\/ro\\\/politica-intimitate\\\/\",\"url\":\"https:\\\/\\\/palletbiz.com\\\/ro\\\/politica-intimitate\\\/\",\"name\":\"Politica de Confiden\u021bialitate \u2013 PalletBiz\",\"isPartOf\":{\"@id\":\"https:\\\/\\\/palletbiz.com\\\/ro\\\/#website\"},\"datePublished\":\"2024-10-24T16:08:00+00:00\",\"dateModified\":\"2025-09-02T08:57:55+00:00\",\"description\":\"Cite\u0219te Politica de Confiden\u021bialitate PalletBiz pentru a afla cum colect\u0103m, utiliz\u0103m \u0219i protej\u0103m datele tale personale \u00een mod sigur \u0219i transparent.\",\"breadcrumb\":{\"@id\":\"https:\\\/\\\/palletbiz.com\\\/ro\\\/politica-intimitate\\\/#breadcrumb\"},\"inLanguage\":\"ro-RO\",\"potentialAction\":[{\"@type\":\"ReadAction\",\"target\":[\"https:\\\/\\\/palletbiz.com\\\/ro\\\/politica-intimitate\\\/\"]}]},{\"@type\":\"BreadcrumbList\",\"@id\":\"https:\\\/\\\/palletbiz.com\\\/ro\\\/politica-intimitate\\\/#breadcrumb\",\"itemListElement\":[{\"@type\":\"ListItem\",\"position\":1,\"name\":\"Home\",\"item\":\"https:\\\/\\\/palletbiz.com\\\/ro\\\/\"},{\"@type\":\"ListItem\",\"position\":2,\"name\":\"Privacy Policy\"}]},{\"@type\":\"WebSite\",\"@id\":\"https:\\\/\\\/palletbiz.com\\\/ro\\\/#website\",\"url\":\"https:\\\/\\\/palletbiz.com\\\/ro\\\/\",\"name\":\"PalletBiz \u00een Rom\u00e2nia\",\"description\":\"\",\"potentialAction\":[{\"@type\":\"SearchAction\",\"target\":{\"@type\":\"EntryPoint\",\"urlTemplate\":\"https:\\\/\\\/palletbiz.com\\\/ro\\\/?s={search_term_string}\"},\"query-input\":{\"@type\":\"PropertyValueSpecification\",\"valueRequired\":true,\"valueName\":\"search_term_string\"}}],\"inLanguage\":\"ro-RO\"}]}<\/script>\n<!-- \/ Yoast SEO Premium plugin. -->","yoast_head_json":{"title":"Politica de Confiden\u021bialitate \u2013 PalletBiz","description":"Cite\u0219te Politica de Confiden\u021bialitate PalletBiz pentru a afla cum colect\u0103m, utiliz\u0103m \u0219i protej\u0103m datele tale personale \u00een mod sigur \u0219i transparent.","robots":{"index":"index","follow":"follow","max-snippet":"max-snippet:-1","max-image-preview":"max-image-preview:large","max-video-preview":"max-video-preview:-1"},"canonical":"https:\/\/palletbiz.com\/ro\/politica-intimitate\/","og_locale":"ro_RO","og_type":"article","og_title":"Privacy Policy","og_description":"Cite\u0219te Politica de Confiden\u021bialitate PalletBiz pentru a afla cum colect\u0103m, utiliz\u0103m \u0219i protej\u0103m datele tale personale \u00een mod sigur \u0219i transparent.","og_url":"https:\/\/palletbiz.com\/ro\/politica-intimitate\/","og_site_name":"PalletBiz \u00een Rom\u00e2nia","article_modified_time":"2025-09-02T08:57:55+00:00","twitter_card":"summary_large_image","twitter_misc":{"Timp estimat pentru citire":"4 minute"},"schema":{"@context":"https:\/\/schema.org","@graph":[{"@type":"WebPage","@id":"https:\/\/palletbiz.com\/ro\/politica-intimitate\/","url":"https:\/\/palletbiz.com\/ro\/politica-intimitate\/","name":"Politica de Confiden\u021bialitate \u2013 PalletBiz","isPartOf":{"@id":"https:\/\/palletbiz.com\/ro\/#website"},"datePublished":"2024-10-24T16:08:00+00:00","dateModified":"2025-09-02T08:57:55+00:00","description":"Cite\u0219te Politica de Confiden\u021bialitate PalletBiz pentru a afla cum colect\u0103m, utiliz\u0103m \u0219i protej\u0103m datele tale personale \u00een mod sigur \u0219i transparent.","breadcrumb":{"@id":"https:\/\/palletbiz.com\/ro\/politica-intimitate\/#breadcrumb"},"inLanguage":"ro-RO","potentialAction":[{"@type":"ReadAction","target":["https:\/\/palletbiz.com\/ro\/politica-intimitate\/"]}]},{"@type":"BreadcrumbList","@id":"https:\/\/palletbiz.com\/ro\/politica-intimitate\/#breadcrumb","itemListElement":[{"@type":"ListItem","position":1,"name":"Home","item":"https:\/\/palletbiz.com\/ro\/"},{"@type":"ListItem","position":2,"name":"Privacy Policy"}]},{"@type":"WebSite","@id":"https:\/\/palletbiz.com\/ro\/#website","url":"https:\/\/palletbiz.com\/ro\/","name":"PalletBiz \u00een Rom\u00e2nia","description":"","potentialAction":[{"@type":"SearchAction","target":{"@type":"EntryPoint","urlTemplate":"https:\/\/palletbiz.com\/ro\/?s={search_term_string}"},"query-input":{"@type":"PropertyValueSpecification","valueRequired":true,"valueName":"search_term_string"}}],"inLanguage":"ro-RO"}]}},"_links":{"self":[{"href":"https:\/\/palletbiz.com\/ro\/wp-json\/wp\/v2\/pages\/14912","targetHints":{"allow":["GET"]}}],"collection":[{"href":"https:\/\/palletbiz.com\/ro\/wp-json\/wp\/v2\/pages"}],"about":[{"href":"https:\/\/palletbiz.com\/ro\/wp-json\/wp\/v2\/types\/page"}],"author":[{"embeddable":true,"href":"https:\/\/palletbiz.com\/ro\/wp-json\/wp\/v2\/users\/1"}],"replies":[{"embeddable":true,"href":"https:\/\/palletbiz.com\/ro\/wp-json\/wp\/v2\/comments?post=14912"}],"version-history":[{"count":6,"href":"https:\/\/palletbiz.com\/ro\/wp-json\/wp\/v2\/pages\/14912\/revisions"}],"predecessor-version":[{"id":19696,"href":"https:\/\/palletbiz.com\/ro\/wp-json\/wp\/v2\/pages\/14912\/revisions\/19696"}],"wp:attachment":[{"href":"https:\/\/palletbiz.com\/ro\/wp-json\/wp\/v2\/media?parent=14912"}],"curies":[{"name":"wp","href":"https:\/\/api.w.org\/{rel}","templated":true}]}}